{"id":15,"date":"2015-12-07T21:52:12","date_gmt":"2015-12-07T21:52:12","guid":{"rendered":"http:\/\/szivpanzio.hu\/?page_id=15"},"modified":"2024-08-07T10:49:58","modified_gmt":"2024-08-07T09:49:58","slug":"rooms","status":"publish","type":"page","link":"https:\/\/civis.house\/de\/rooms\/","title":{"rendered":"Zimmer"},"content":{"rendered":"<strong>In dem G\u00e4stehaus k\u00f6nnen Sie von 14 Uhr einchecken bis 20 Uhr (Torschlie\u00dfung) und nach der \u00dcbernachtung verlassen Sie bitte das Zimmer bis 10 Uhr.<\/strong><\/p>\n<div class=\"su-table su-table-alternate\">\n<p>&nbsp;<\/p>\n<table width=\"100%\">\n<tbody>\n<tr>\n<td width=\"45%\">Sorte<\/td>\n<td width=\"45%\">Ausstattung<\/td>\n<td width=\"10%\">Preis (Ft\/Zimmer)<\/td>\n<\/tr>\n<tr>\n<td><img data-recalc-dims=\"1\" loading=\"lazy\" decoding=\"async\" src=\"https:\/\/i0.wp.com\/szivpanzio.hu\/media\/07-83.JPG?resize=300%2C200\" alt=\"single\" width=\"300\" height=\"200\" \/> Einbettzimmer<\/td>\n<td>&nbsp;<\/p>\n<p>Internet, LED TV, Dusche, WC<\/td>\n<td>&nbsp;<\/p>\n<p>15 500Ft + IFA tax<\/td>\n<\/tr>\n<tr>\n<td><img data-recalc-dims=\"1\" loading=\"lazy\" decoding=\"async\" src=\"https:\/\/i0.wp.com\/szivpanzio.hu\/media\/07-83.JPG?resize=300%2C200\" alt=\"twin\" width=\"300\" height=\"200\" \/> Zweibettzimmer<\/td>\n<td>&nbsp;<\/p>\n<p>Internet, LED TV, Dusche, WC<\/td>\n<td>&nbsp;<\/p>\n<p>17 700Ft + IFA tax<\/td>\n<\/tr>\n<tr>\n<td><img data-recalc-dims=\"1\" loading=\"lazy\" decoding=\"async\" src=\"https:\/\/i0.wp.com\/szivpanzio.hu\/media\/10-33.JPG?resize=300%2C200\" alt=\"double\" width=\"300\" height=\"200\" \/> Doppelbettzimmer<\/td>\n<td>&nbsp;<\/p>\n<p>Internet, LED TV, Dusche, WC<\/td>\n<td>&nbsp;<\/p>\n<p>17 700Ft + IFA tax<\/td>\n<\/tr>\n<tr>\n<td><img data-recalc-dims=\"1\" loading=\"lazy\" decoding=\"async\" src=\"https:\/\/i0.wp.com\/szivpanzio.hu\/media\/13-56.JPG?resize=300%2C200\" alt=\"triple\" width=\"300\" height=\"200\" \/> Dreibettzimmer<\/td>\n<td>&nbsp;<\/p>\n<p>Internet, Von dem Hof \u00f6ffnendes, leises Zimmer mit privatem Eingang, LED TV, Dusche, WC<\/td>\n<td>25 100Ft + IFA tax<\/td>\n<\/tr>\n<\/tbody>\n<\/table>\n<\/div>\n<p>Der Blumenkarneval und Campus Festival im Debrecen ist einer speziell Veranstaltung. In diesem Zeit die Preise sind:<\/p>\n<p>Zimmer mit zwei Betten: 24 000Ft + IFA tax<\/p>\n<p>Zimmer mit drei Betten: 32 000Ft + IFA tax","protected":false},"excerpt":{"rendered":"<p>In dem G\u00e4stehaus k\u00f6nnen Sie von 14 Uhr einchecken bis 20 Uhr (Torschlie\u00dfung) und nach der \u00dcbernachtung verlassen Sie bitte das Zimmer bis 10 Uhr. Der Blumenkarneval und Campus Festival im Debrecen ist einer speziell Veranstaltung. In diesem Zeit die Preise sind: Zimmer mit zwei Betten: 24 000Ft + IFA tax Zimmer mit drei Betten: [&hellip;]<\/p>\n","protected":false},"author":1,"featured_media":0,"parent":0,"menu_order":3,"comment_status":"closed","ping_status":"closed","template":"","meta":{"jetpack_post_was_ever_published":false,"footnotes":""},"class_list":["post-15","page","type-page","status-publish","hentry"],"jetpack_shortlink":"https:\/\/wp.me\/P7MHaF-f","jetpack-related-posts":[{"id":9,"url":"https:\/\/civis.house\/de\/services\/","url_meta":{"origin":15,"position":0},"title":"Unsere Leistungen","author":"heart","date":"Monday, der  7. December 2015","format":false,"excerpt":"kostenloser Internetanschluss \u00fcber kabelloses W-LAN Barbecue im Garten Ein-, Zwei- und Dreibettzimmer, eventuell mit Zuschlagbett LED Farbfernseher in jedem Zimmer mit Videokamera beobachtete Parkpl\u00e4tze Tages Rezeption","rel":"","context":"\u00c4hnlicher Beitrag","block_context":{"text":"\u00c4hnlicher Beitrag","link":""},"img":{"alt_text":"","src":"https:\/\/i0.wp.com\/szivpanzio.hu\/media\/20211114_111634-Heart-Pension.jpg?resize=350%2C200","width":350,"height":200},"classes":[]},{"id":2,"url":"https:\/\/civis.house\/de\/","url_meta":{"origin":15,"position":1},"title":"Vorstellung","author":"heart","date":"Saturday, der 12. September 2015","format":false,"excerpt":"Das Sz\u00edv Pension (C\u00edvis House G\u00e4stehaus, benannt nach der seit dem 19. Jh. existierenden Sz\u00edv Stra\u00dfe) liegt in ruhiger Umgebung in der Mitte von Debrecen. Das G\u00e4stehaus befindet sich 300m entfernt von dem Bahnhof und Busbahnhof. Das Haus hat Ein-, Zwei- und Dreibettzimmer, alle haben eigene Badezimmer und sind mit\u2026","rel":"","context":"\u00c4hnlicher Beitrag","block_context":{"text":"\u00c4hnlicher Beitrag","link":""},"img":{"alt_text":"Udvar","src":"https:\/\/i0.wp.com\/szivpanzio.hu\/media\/Court-39.JPG?resize=350%2C200","width":350,"height":200},"classes":[]},{"id":17,"url":"https:\/\/civis.house\/de\/photos\/","url_meta":{"origin":15,"position":2},"title":"Fotos","author":"heart","date":"Monday, der  7. December 2015","format":false,"excerpt":"","rel":"","context":"\u00c4hnlicher Beitrag","block_context":{"text":"\u00c4hnlicher Beitrag","link":""},"img":{"alt_text":"","src":"https:\/\/i0.wp.com\/civis.house\/media\/01-01.JPG?resize=350%2C200","width":350,"height":200},"classes":[]},{"id":19,"url":"https:\/\/civis.house\/de\/contact\/","url_meta":{"origin":15,"position":3},"title":"Kontakt","author":"heart","date":"Monday, der  7. December 2015","format":false,"excerpt":"Reservierung Telefon:\u00a0+36 52 322 200, +36 20 4103 049 Fax:\u00a0+36 52 322-200 E-Mail:\u00a0info@szivpanzio.hu Wenn Sie reservieren m\u00f6chte, nehmen Sie den Kontakt mit unseren Kollegen auf. Wenden Sie sich mit Anmerkungen und Fragen an einen unserer Mitarbeiter. Anreise","rel":"","context":"\u00c4hnlicher Beitrag","block_context":{"text":"\u00c4hnlicher Beitrag","link":""},"img":{"alt_text":"","src":"","width":0,"height":0},"classes":[]}],"jetpack_sharing_enabled":true,"_links":{"self":[{"href":"https:\/\/civis.house\/de\/wp-json\/wp\/v2\/pages\/15","targetHints":{"allow":["GET"]}}],"collection":[{"href":"https:\/\/civis.house\/de\/wp-json\/wp\/v2\/pages"}],"about":[{"href":"https:\/\/civis.house\/de\/wp-json\/wp\/v2\/types\/page"}],"author":[{"embeddable":true,"href":"https:\/\/civis.house\/de\/wp-json\/wp\/v2\/users\/1"}],"replies":[{"embeddable":true,"href":"https:\/\/civis.house\/de\/wp-json\/wp\/v2\/comments?post=15"}],"version-history":[{"count":50,"href":"https:\/\/civis.house\/de\/wp-json\/wp\/v2\/pages\/15\/revisions"}],"predecessor-version":[{"id":22937,"href":"https:\/\/civis.house\/de\/wp-json\/wp\/v2\/pages\/15\/revisions\/22937"}],"wp:attachment":[{"href":"https:\/\/civis.house\/de\/wp-json\/wp\/v2\/media?parent=15"}],"curies":[{"name":"wp","href":"https:\/\/api.w.org\/{rel}","templated":true}]}}