{"id":19,"date":"2015-12-07T22:22:02","date_gmt":"2015-12-07T22:22:02","guid":{"rendered":"http:\/\/szivpanzio.hu\/?page_id=19"},"modified":"2018-11-02T13:24:05","modified_gmt":"2018-11-02T12:24:05","slug":"contact","status":"publish","type":"page","link":"https:\/\/civis.house\/de\/contact\/","title":{"rendered":"Kontakt"},"content":{"rendered":"<h2>Reservierung<\/h2>\n<ul>\n<li style=\"text-align: justify; font-size: large;\">Telefon:\u00a0<a href=\"tel:+36 52 322 200\">+36 52 322 200<\/a>, <a href=\"tel:+36 20 4103 0490\">+36 20 4103 049<\/a><\/li>\n<li style=\"text-align: justify; font-size: large;\">Fax:\u00a0+36 52 322-200<\/li>\n<li style=\"text-align: justify; font-size: large;\">E-Mail:\u00a0<a href=\"mailto:info@szivpanzio.hu\">info@szivpanzio.hu<\/a><\/li>\n<\/ul>\n<p style=\"text-align: justify;\">Wenn Sie reservieren m\u00f6chte, nehmen Sie den Kontakt mit unseren Kollegen auf.<\/p>\n<p style=\"text-align: justify;\">Wenden Sie sich mit Anmerkungen und Fragen an einen unserer Mitarbeiter.<\/p>\n<h2>Anreise<\/h2>\n<div id=\"lmm_a76b9a3a\" style=\"width:100%;\" class=\"mapsmarker markermap marker-1\">\n<div id=\"lmm_panel_a76b9a3a\" class=\"lmm-panel\" style=\"background:#efefef;\">\n<div id=\"lmm_panel_api_a76b9a3a\" class=\"lmm-panel-api\"><a href=\"https:\/\/maps.google.com\/maps?daddr=Debrecen%2C+Sz%C3%ADv+utca+11%2C+Hungary&amp;t=m&amp;layer=1&amp;doflg=ptk&amp;om=0\" target=\"_blank\" title=\"Wegbeschreibung berechnen\"><img data-recalc-dims=\"1\" loading=\"lazy\" decoding=\"async\" alt=\"icon-car.png\" src=\"https:\/\/i0.wp.com\/civis.house\/wp-content\/plugins\/leaflet-maps-marker\/inc\/img\/icon-car.png?resize=14%2C14&#038;ssl=1\" width=\"14\" height=\"14\" class=\"lmm-panel-api-images\" \/><\/a><\/div><div id=\"lmm_panel_text_a76b9a3a\" class=\"lmm-panel-text\" style=\"font-weight:bold;color:#373737;\">Sz\u00edv Panzi\u00f3<\/div><\/div>\n<div id=\"lmm_map_a76b9a3a\" class=\"lmm-map\" style=\"background:#f6f6f6;border:1px solid #ccc;height:480px; overflow:hidden;padding:0;\"><p style=\"font-size:80%;color:#9f9e9e;margin-left:5px;\">Karte wird geladen - bitte warten...<noscript><br\/><strong>Karte konnte nicht geladen werden - bitte aktivieren Sie Javascript!<\/strong><br\/><a style=\"text-decoration:none;\" href=\"https:\/\/www.mapsmarker.com\/js-disabled\" target=\"_blank\">&rarr; Weitere Informationen<\/a><\/noscript><\/p><\/div>\n<div id=\"lmm_geo_tags_a76b9a3a\" class=\"lmm-geo-tags geo\">\n<span class=\"paneltext\">Sz\u00edv Panzi\u00f3<\/span>\n<span class=\"latitude\">47.522853<\/span>, <span class=\"longitude\">21.621465<\/span>\n<span class=\"popuptext\"><\/span>\n<\/div>\n<\/div>\n<!--\n\n\n<ul>\n \t\n\n<li style=\"text-align: justify;\"><a href=\"\/kepek\/t_magyarorszag.jpg\" target=\"_blank\" rel=\"noopener\">Wenn Sie von Rictung Budapest fahren<\/a><\/li>\n\n\n \t\n\n<li style=\"text-align: justify;\"><a href=\"\/kepek\/t_debrecen_33_35.png\" target=\"_blank\" rel=\"noopener\">Von Richtung Hauptstrasse 33 (Hortob\u00e1gy), von der Hauptstrasse 35 oder von \"M3\" Autobahn<\/a>\nHauptstrasse 35 \u2013 von Richtung Polg\u00e1r - von Tafel Debrecen ist bei der 20.sten Ampel m\u00fcssen Sie nach links abbiegen, dann sind Sie auf der Mikl\u00f3sstrasse. Nach 30 m m\u00fcssen Sie rechts biegen, sie ist die Sz\u00edvstrasse.\nHauptstrasse 33-von Richtung Hortob\u00e1gy-Nach der Tafel Debrecen sehen Sie das Kaufhaus Baumax, am 3. Ampel von dem m\u00fcssen Sie in die Richtung Hajd\u00faszoboszl\u00f3 fahren. Am 12. Ampel m\u00fcssen Sie nach links abbiegen dann sind sie auf der Mikl\u00f3s Strasse. Nach 30m fahren, rechts finden Sie die Sz\u00edvstrasse. Von der Tafel Debrecen bis der Gasthaus ist die Fahrt 3,5 km.<\/li>\n\n\n \t\n\n<li style=\"text-align: justify;\"><a href=\"\/kepek\/t_debrecen_4_hsz.png\" target=\"_blank\" rel=\"noopener\">Anreise von der Hauptstrasse 4-von Richtung Hajd\u00faszoboszl\u00f3<\/a>\nNach der Tafel Debrecen m\u00fcssen Sie weiterfahren dann 30 m nach der 3. Ampel rechts abbiegen. Von der Tafel Debrecen bis der Gasthaus ist die Fahrt 1,5 km.<\/li>\n\n\n \t\n\n<li style=\"text-align: justify;\"><a href=\"\/kepek\/t_debrecen_4_ny.png\" target=\"_blank\" rel=\"noopener\">Anreise von der Hauptstrasse 4-von Richtung Ny\u00edregyh\u00e1za<\/a>\nSie m\u00fcssen den Kreisring von Hauptstrasse 4 folgen bis unserem Hauptbahnhof. Dann m\u00fcssen Sie an der 3. strasse nach rechts abbiegen. Jetzt sind sie auf der Sz\u00edv Strasse. Von der Tafel bis der Gasthaus ist die Fahrt 6km.<\/li>\n\n\n \t\n\n<li style=\"text-align: justify;\"><a href=\"\/kepek\/t_debrecen_47.png\" target=\"_blank\" rel=\"noopener\">Anreise von der Hauptstrasse 47-von Richtung Beretty\u00f3\u00fajfalu<\/a>\nNach der Tafel Debrecen m\u00fcssen Sie weiter geradeaus fahren bis die Br\u00fccke. An der Br\u00fccke m\u00fcssen Sie in die Richtung Budapest fahren, sie fahren neben dem Bahnhof. An der 3. Strasse vom Bahnhof biegen Sie rechts ab. Sie ist die Sz\u00edv Strasse.<\/li>\n\n\n \t\n\n<li style=\"text-align: justify;\"><a href=\"\/kepek\/t_debrecen.png\" target=\"_blank\" rel=\"noopener\">Anreise innen Debrecen<\/a><\/li>\n\n\n<\/ul>\n\n\n-->","protected":false},"excerpt":{"rendered":"<p>Reservierung Telefon:\u00a0+36 52 322 200, +36 20 4103 049 Fax:\u00a0+36 52 322-200 E-Mail:\u00a0info@szivpanzio.hu Wenn Sie reservieren m\u00f6chte, nehmen Sie den Kontakt mit unseren Kollegen auf. Wenden Sie sich mit Anmerkungen und Fragen an einen unserer Mitarbeiter. Anreise<\/p>\n","protected":false},"author":1,"featured_media":0,"parent":0,"menu_order":5,"comment_status":"closed","ping_status":"closed","template":"","meta":{"jetpack_post_was_ever_published":false,"footnotes":""},"class_list":["post-19","page","type-page","status-publish","hentry"],"jetpack_shortlink":"https:\/\/wp.me\/P7MHaF-j","jetpack-related-posts":[{"id":17,"url":"https:\/\/civis.house\/de\/photos\/","url_meta":{"origin":19,"position":0},"title":"Fotos","author":"heart","date":"Monday, der  7. December 2015","format":false,"excerpt":"","rel":"","context":"\u00c4hnlicher Beitrag","block_context":{"text":"\u00c4hnlicher Beitrag","link":""},"img":{"alt_text":"","src":"https:\/\/i0.wp.com\/civis.house\/media\/01-01.JPG?resize=350%2C200","width":350,"height":200},"classes":[]},{"id":9,"url":"https:\/\/civis.house\/de\/services\/","url_meta":{"origin":19,"position":1},"title":"Unsere Leistungen","author":"heart","date":"Monday, der  7. December 2015","format":false,"excerpt":"kostenloser Internetanschluss \u00fcber kabelloses W-LAN Barbecue im Garten Ein-, Zwei- und Dreibettzimmer, eventuell mit Zuschlagbett LED Farbfernseher in jedem Zimmer mit Videokamera beobachtete Parkpl\u00e4tze Tages Rezeption","rel":"","context":"\u00c4hnlicher Beitrag","block_context":{"text":"\u00c4hnlicher Beitrag","link":""},"img":{"alt_text":"","src":"https:\/\/i0.wp.com\/szivpanzio.hu\/media\/20211114_111634-Heart-Pension.jpg?resize=350%2C200","width":350,"height":200},"classes":[]},{"id":15,"url":"https:\/\/civis.house\/de\/rooms\/","url_meta":{"origin":19,"position":2},"title":"Zimmer","author":"heart","date":"Monday, der  7. December 2015","format":false,"excerpt":"In dem G\u00e4stehaus k\u00f6nnen Sie von 14 Uhr einchecken bis 20 Uhr (Torschlie\u00dfung) und nach der \u00dcbernachtung verlassen Sie bitte das Zimmer bis 10 Uhr. Der Blumenkarneval und Campus Festival im Debrecen ist einer speziell Veranstaltung. In diesem Zeit die Preise sind: Zimmer mit zwei Betten: 24 000Ft + IFA\u2026","rel":"","context":"\u00c4hnlicher Beitrag","block_context":{"text":"\u00c4hnlicher Beitrag","link":""},"img":{"alt_text":"single","src":"https:\/\/i0.wp.com\/szivpanzio.hu\/media\/07-83.JPG?resize=350%2C200","width":350,"height":200},"classes":[]},{"id":2,"url":"https:\/\/civis.house\/de\/","url_meta":{"origin":19,"position":3},"title":"Vorstellung","author":"heart","date":"Saturday, der 12. September 2015","format":false,"excerpt":"Das Sz\u00edv Pension (C\u00edvis House G\u00e4stehaus, benannt nach der seit dem 19. Jh. existierenden Sz\u00edv Stra\u00dfe) liegt in ruhiger Umgebung in der Mitte von Debrecen. Das G\u00e4stehaus befindet sich 300m entfernt von dem Bahnhof und Busbahnhof. Das Haus hat Ein-, Zwei- und Dreibettzimmer, alle haben eigene Badezimmer und sind mit\u2026","rel":"","context":"\u00c4hnlicher Beitrag","block_context":{"text":"\u00c4hnlicher Beitrag","link":""},"img":{"alt_text":"Udvar","src":"https:\/\/i0.wp.com\/szivpanzio.hu\/media\/Court-39.JPG?resize=350%2C200","width":350,"height":200},"classes":[]}],"jetpack_sharing_enabled":true,"_links":{"self":[{"href":"https:\/\/civis.house\/de\/wp-json\/wp\/v2\/pages\/19","targetHints":{"allow":["GET"]}}],"collection":[{"href":"https:\/\/civis.house\/de\/wp-json\/wp\/v2\/pages"}],"about":[{"href":"https:\/\/civis.house\/de\/wp-json\/wp\/v2\/types\/page"}],"author":[{"embeddable":true,"href":"https:\/\/civis.house\/de\/wp-json\/wp\/v2\/users\/1"}],"replies":[{"embeddable":true,"href":"https:\/\/civis.house\/de\/wp-json\/wp\/v2\/comments?post=19"}],"version-history":[{"count":13,"href":"https:\/\/civis.house\/de\/wp-json\/wp\/v2\/pages\/19\/revisions"}],"predecessor-version":[{"id":1163,"href":"https:\/\/civis.house\/de\/wp-json\/wp\/v2\/pages\/19\/revisions\/1163"}],"wp:attachment":[{"href":"https:\/\/civis.house\/de\/wp-json\/wp\/v2\/media?parent=19"}],"curies":[{"name":"wp","href":"https:\/\/api.w.org\/{rel}","templated":true}]}}