{"id":2,"date":"2015-09-12T19:05:28","date_gmt":"2015-09-12T18:05:28","guid":{"rendered":"http:\/\/szivpanzio.hu\/?page_id=2"},"modified":"2024-08-07T11:14:08","modified_gmt":"2024-08-07T10:14:08","slug":"introduction","status":"publish","type":"page","link":"https:\/\/civis.house\/de\/","title":{"rendered":"Vorstellung"},"content":{"rendered":"<p style=\"text-align: justify;\"><img data-recalc-dims=\"1\" loading=\"lazy\" decoding=\"async\" style=\"float: left; padding-right: 15px;\" src=\"https:\/\/i0.wp.com\/szivpanzio.hu\/media\/Court-39.JPG?resize=300%2C200\" alt=\"Garden\" width=\"300\" height=\"200\" \/>Das Sz\u00edv Pension (C\u00edvis House G\u00e4stehaus, benannt nach der seit dem 19. Jh. existierenden Sz\u00edv Stra\u00dfe) liegt in ruhiger Umgebung in der Mitte von Debrecen. Das G\u00e4stehaus befindet sich 300m entfernt von dem Bahnhof und Busbahnhof. Das Haus hat Ein-, Zwei- und Dreibettzimmer, alle haben eigene Badezimmer und sind mit K\u00fchlschrank und LED TV ausgestattet. Das zweist\u00f6ckige Geb\u00e4ude mit Innenhof wurde in 2006 gebaut und in 2020 renoviert. Unseren G\u00e4sten bieten wir mit Videokamera beobachtete Au\u00dfenparkpl\u00e4tze.<\/p>\n<p><img data-recalc-dims=\"1\" loading=\"lazy\" decoding=\"async\" style=\"float: right; padding-left: 15px;\" src=\"https:\/\/i0.wp.com\/szivpanzio.hu\/media\/Front-85.JPG?resize=300%2C200\" alt=\"Strasse\" width=\"300\" height=\"200\" \/><\/p>\n<p style=\"text-align: justify;\">In unmittelbarer N\u00e4he dem G\u00e4stehaus findet man die Bus- und Obushaltestelle, so kann man das Aquaticum, das Erlebnisbad, das Thermalbad, die Kliniken, die Universit\u00e4t Debrecen, das Stadion, die F\u0151nix Halle und die Sportpl\u00e4tze auf der Ol\u00e1h G\u00e1bor Stra\u00dfe leicht erreichen. In 5 Minuten zu Fu\u00df erreichen Sie das Stadtzentrum, den Kossuthplatz und die Piac Stra\u00dfe, wo man kann die ber\u00fchmteste Sehensw\u00fcrdigkeit unserer Stadt, die Reformierte Gro\u00dfkirche besichtigen.<\/p>\n<p style=\"text-align: justify;\">Wir w\u00fcnschen Ihnen einen angenehmen Aufenthalt in unserer Stadt und ruhen Sie sich bei uns aus!<\/p>","protected":false},"excerpt":{"rendered":"<p>Das Sz\u00edv Pension (C\u00edvis House G\u00e4stehaus, benannt nach der seit dem 19. Jh. existierenden Sz\u00edv Stra\u00dfe) liegt in ruhiger Umgebung in der Mitte von Debrecen. Das G\u00e4stehaus befindet sich 300m entfernt von dem Bahnhof und Busbahnhof. Das Haus hat Ein-, Zwei- und Dreibettzimmer, alle haben eigene Badezimmer und sind mit K\u00fchlschrank und LED TV ausgestattet. [&hellip;]<\/p>\n","protected":false},"author":1,"featured_media":0,"parent":0,"menu_order":1,"comment_status":"closed","ping_status":"closed","template":"","meta":{"jetpack_post_was_ever_published":false,"footnotes":""},"class_list":["post-2","page","type-page","status-publish","hentry"],"jetpack_shortlink":"https:\/\/wp.me\/P7MHaF-2","jetpack-related-posts":[{"id":9,"url":"https:\/\/civis.house\/de\/services\/","url_meta":{"origin":2,"position":0},"title":"Unsere Leistungen","author":"heart","date":"Monday, der  7. December 2015","format":false,"excerpt":"kostenloser Internetanschluss \u00fcber kabelloses W-LAN Barbecue im Garten Ein-, Zwei- und Dreibettzimmer, eventuell mit Zuschlagbett LED Farbfernseher in jedem Zimmer mit Videokamera beobachtete Parkpl\u00e4tze Tages Rezeption","rel":"","context":"\u00c4hnlicher Beitrag","block_context":{"text":"\u00c4hnlicher Beitrag","link":""},"img":{"alt_text":"","src":"https:\/\/i0.wp.com\/szivpanzio.hu\/media\/20211114_111634-Heart-Pension.jpg?resize=350%2C200","width":350,"height":200},"classes":[]},{"id":15,"url":"https:\/\/civis.house\/de\/rooms\/","url_meta":{"origin":2,"position":1},"title":"Zimmer","author":"heart","date":"Monday, der  7. December 2015","format":false,"excerpt":"In dem G\u00e4stehaus k\u00f6nnen Sie von 14 Uhr einchecken bis 20 Uhr (Torschlie\u00dfung) und nach der \u00dcbernachtung verlassen Sie bitte das Zimmer bis 10 Uhr. Der Blumenkarneval und Campus Festival im Debrecen ist einer speziell Veranstaltung. In diesem Zeit die Preise sind: Zimmer mit zwei Betten: 24 000Ft + IFA\u2026","rel":"","context":"\u00c4hnlicher Beitrag","block_context":{"text":"\u00c4hnlicher Beitrag","link":""},"img":{"alt_text":"single","src":"https:\/\/i0.wp.com\/szivpanzio.hu\/media\/07-83.JPG?resize=350%2C200","width":350,"height":200},"classes":[]},{"id":17,"url":"https:\/\/civis.house\/de\/photos\/","url_meta":{"origin":2,"position":2},"title":"Fotos","author":"heart","date":"Monday, der  7. December 2015","format":false,"excerpt":"","rel":"","context":"\u00c4hnlicher Beitrag","block_context":{"text":"\u00c4hnlicher Beitrag","link":""},"img":{"alt_text":"","src":"https:\/\/i0.wp.com\/civis.house\/media\/01-01.JPG?resize=350%2C200","width":350,"height":200},"classes":[]},{"id":19,"url":"https:\/\/civis.house\/de\/contact\/","url_meta":{"origin":2,"position":3},"title":"Kontakt","author":"heart","date":"Monday, der  7. December 2015","format":false,"excerpt":"Reservierung Telefon:\u00a0+36 52 322 200, +36 20 4103 049 Fax:\u00a0+36 52 322-200 E-Mail:\u00a0info@szivpanzio.hu Wenn Sie reservieren m\u00f6chte, nehmen Sie den Kontakt mit unseren Kollegen auf. Wenden Sie sich mit Anmerkungen und Fragen an einen unserer Mitarbeiter. Anreise","rel":"","context":"\u00c4hnlicher Beitrag","block_context":{"text":"\u00c4hnlicher Beitrag","link":""},"img":{"alt_text":"","src":"","width":0,"height":0},"classes":[]}],"jetpack_sharing_enabled":true,"_links":{"self":[{"href":"https:\/\/civis.house\/de\/wp-json\/wp\/v2\/pages\/2","targetHints":{"allow":["GET"]}}],"collection":[{"href":"https:\/\/civis.house\/de\/wp-json\/wp\/v2\/pages"}],"about":[{"href":"https:\/\/civis.house\/de\/wp-json\/wp\/v2\/types\/page"}],"author":[{"embeddable":true,"href":"https:\/\/civis.house\/de\/wp-json\/wp\/v2\/users\/1"}],"replies":[{"embeddable":true,"href":"https:\/\/civis.house\/de\/wp-json\/wp\/v2\/comments?post=2"}],"version-history":[{"count":29,"href":"https:\/\/civis.house\/de\/wp-json\/wp\/v2\/pages\/2\/revisions"}],"predecessor-version":[{"id":22939,"href":"https:\/\/civis.house\/de\/wp-json\/wp\/v2\/pages\/2\/revisions\/22939"}],"wp:attachment":[{"href":"https:\/\/civis.house\/de\/wp-json\/wp\/v2\/media?parent=2"}],"curies":[{"name":"wp","href":"https:\/\/api.w.org\/{rel}","templated":true}]}}