{"id":15,"date":"2015-12-07T21:52:12","date_gmt":"2015-12-07T21:52:12","guid":{"rendered":"http:\/\/szivpanzio.hu\/?page_id=15"},"modified":"2024-08-07T10:49:58","modified_gmt":"2024-08-07T09:49:58","slug":"rooms","status":"publish","type":"page","link":"https:\/\/civis.house\/en\/rooms\/","title":{"rendered":"Rooms"},"content":{"rendered":"<strong>You can occupy the room from 14 o&#8217;clock on arrival till 20 o&#8217;clock (gate closing), on departure You are asked to leave the room till 10 o&#8217;clock.<\/strong><\/p>\n<div class=\"su-table su-table-alternate\">\n<p>&nbsp;<\/p>\n<table width=\"100%\">\n<tbody>\n<tr>\n<td width=\"45%\">Type<\/td>\n<td width=\"45%\">Equipment<\/td>\n<td width=\"10%\">Price (Ft\/room)<\/td>\n<\/tr>\n<tr>\n<td><img data-recalc-dims=\"1\" loading=\"lazy\" decoding=\"async\" src=\"https:\/\/i0.wp.com\/szivpanzio.hu\/media\/07-83.JPG?resize=300%2C200\" alt=\"single\" width=\"300\" height=\"200\" \/> Single bed<\/td>\n<td>&nbsp;<\/p>\n<p>Internet, LED TV, shower, toilet<\/td>\n<td>&nbsp;<\/p>\n<p>15 500Ft + IFA tax<\/td>\n<\/tr>\n<tr>\n<td><img data-recalc-dims=\"1\" loading=\"lazy\" decoding=\"async\" src=\"https:\/\/i0.wp.com\/szivpanzio.hu\/media\/07-83.JPG?resize=300%2C200\" alt=\"twin\" width=\"300\" height=\"200\" \/> Twin bed<\/td>\n<td>&nbsp;<\/p>\n<p>Internet, LED TV, shower, toilet<\/td>\n<td>&nbsp;<\/p>\n<p>17 700Ft + IFA tax<\/td>\n<\/tr>\n<tr>\n<td><img data-recalc-dims=\"1\" loading=\"lazy\" decoding=\"async\" src=\"https:\/\/i0.wp.com\/szivpanzio.hu\/media\/10-33.JPG?resize=300%2C200\" alt=\"double\" width=\"300\" height=\"200\" \/> Double bed<\/td>\n<td>&nbsp;<\/p>\n<p>Internet, TV, shower, toilet<\/td>\n<td>&nbsp;<\/p>\n<p>17 700Ft + IFA tax<\/td>\n<\/tr>\n<tr>\n<td><img data-recalc-dims=\"1\" loading=\"lazy\" decoding=\"async\" src=\"https:\/\/i0.wp.com\/szivpanzio.hu\/media\/13-56.JPG?resize=300%2C200\" alt=\"triple\" width=\"300\" height=\"200\" \/> Triple bed<\/td>\n<td>&nbsp;<\/p>\n<p>Internet, from the yard opening, quiet room with a private entrance, shower, toilet<\/td>\n<td>&nbsp;<\/p>\n<p>25 100Ft + IFA tax<\/td>\n<\/tr>\n<\/tbody>\n<\/table>\n<\/div>\n<p>The Flower Carneval and Campus Festival in Debrecen is a special event each year. In this season these prices are applied:<\/p>\n<p>Room with two beds: 24 000Ft + IFA tax<\/p>\n<p>Room with three beds: 32 000Ft + IFA tax","protected":false},"excerpt":{"rendered":"<p>You can occupy the room from 14 o&#8217;clock on arrival till 20 o&#8217;clock (gate closing), on departure You are asked to leave the room till 10 o&#8217;clock. The Flower Carneval and Campus Festival in Debrecen is a special event each year. In this season these prices are applied: Room with two beds: 24 000Ft + [&hellip;]<\/p>\n","protected":false},"author":1,"featured_media":0,"parent":0,"menu_order":3,"comment_status":"closed","ping_status":"closed","template":"","meta":{"jetpack_post_was_ever_published":false,"footnotes":""},"class_list":["post-15","page","type-page","status-publish","hentry"],"jetpack_shortlink":"https:\/\/wp.me\/P7MHaF-f","jetpack-related-posts":[{"id":9,"url":"https:\/\/civis.house\/en\/services\/","url_meta":{"origin":15,"position":0},"title":"Services","author":"heart","date":"Monday December  7th, 2015","format":false,"excerpt":"free wireless internet barbecue in the backyard rooms with 1-3 beds, and spare beds colour LED TV in each room camera-observed car-park daytime reception service","rel":"","context":"Similar post","block_context":{"text":"Similar post","link":""},"img":{"alt_text":"","src":"https:\/\/i0.wp.com\/szivpanzio.hu\/media\/20211114_111634-Heart-Pension.jpg?resize=350%2C200","width":350,"height":200},"classes":[]},{"id":2,"url":"https:\/\/civis.house\/en\/","url_meta":{"origin":15,"position":1},"title":"Introduction","author":"heart","date":"Saturday September 12th, 2015","format":false,"excerpt":"Sz\u00edv Pension (C\u00edvis House Guesthouse, named after Sz\u00edv street which is existing since the 19th century) is located in a peaceful, central district of Debrecen, merely 300 metres away from the railway station and the coach station. The guesthouse has exclusive rooms for 1 to 3 guests, each with its\u2026","rel":"","context":"Similar post","block_context":{"text":"Similar post","link":""},"img":{"alt_text":"Udvar","src":"https:\/\/i0.wp.com\/szivpanzio.hu\/media\/Court-39.JPG?resize=350%2C200","width":350,"height":200},"classes":[]},{"id":17,"url":"https:\/\/civis.house\/en\/photos\/","url_meta":{"origin":15,"position":2},"title":"Photos","author":"heart","date":"Monday December  7th, 2015","format":false,"excerpt":"","rel":"","context":"Similar post","block_context":{"text":"Similar post","link":""},"img":{"alt_text":"","src":"https:\/\/i0.wp.com\/civis.house\/media\/01-01.JPG?resize=350%2C200","width":350,"height":200},"classes":[]},{"id":19,"url":"https:\/\/civis.house\/en\/contact\/","url_meta":{"origin":15,"position":3},"title":"Contact","author":"heart","date":"Monday December  7th, 2015","format":false,"excerpt":"Booking Telephone:\u00a0+36 52 322 200, +36 20 4103 049 Fax:\u00a0+36 52 322-200 E-Mail:\u00a0info@szivpanzio.hu Before booking a room, please, contact a colleague at any of the availabilities indicated. Should you have any remark or request, feel free to contact our colleagues. How to reach us","rel":"","context":"Similar post","block_context":{"text":"Similar post","link":""},"img":{"alt_text":"","src":"","width":0,"height":0},"classes":[]}],"jetpack_sharing_enabled":true,"_links":{"self":[{"href":"https:\/\/civis.house\/en\/wp-json\/wp\/v2\/pages\/15","targetHints":{"allow":["GET"]}}],"collection":[{"href":"https:\/\/civis.house\/en\/wp-json\/wp\/v2\/pages"}],"about":[{"href":"https:\/\/civis.house\/en\/wp-json\/wp\/v2\/types\/page"}],"author":[{"embeddable":true,"href":"https:\/\/civis.house\/en\/wp-json\/wp\/v2\/users\/1"}],"replies":[{"embeddable":true,"href":"https:\/\/civis.house\/en\/wp-json\/wp\/v2\/comments?post=15"}],"version-history":[{"count":50,"href":"https:\/\/civis.house\/en\/wp-json\/wp\/v2\/pages\/15\/revisions"}],"predecessor-version":[{"id":22937,"href":"https:\/\/civis.house\/en\/wp-json\/wp\/v2\/pages\/15\/revisions\/22937"}],"wp:attachment":[{"href":"https:\/\/civis.house\/en\/wp-json\/wp\/v2\/media?parent=15"}],"curies":[{"name":"wp","href":"https:\/\/api.w.org\/{rel}","templated":true}]}}