{"id":19,"date":"2015-12-07T22:22:02","date_gmt":"2015-12-07T22:22:02","guid":{"rendered":"http:\/\/szivpanzio.hu\/?page_id=19"},"modified":"2018-11-02T13:24:05","modified_gmt":"2018-11-02T12:24:05","slug":"contact","status":"publish","type":"page","link":"https:\/\/civis.house\/en\/contact\/","title":{"rendered":"Contact"},"content":{"rendered":"<h2>Booking<\/h2>\n<ul>\n<li style=\"text-align: justify; font-size: large;\">Telephone:\u00a0<a href=\"tel:+36 52 322 200\">+36 52 322 200<\/a>, <a href=\"tel:+36 20 4103 0490\">+36 20 4103 049<\/a><\/li>\n<li style=\"text-align: justify; font-size: large;\">Fax:\u00a0+36 52 322-200<\/li>\n<li style=\"text-align: justify; font-size: large;\">E-Mail:\u00a0<a href=\"mailto:info@szivpanzio.hu\">info@szivpanzio.hu<\/a><\/li>\n<\/ul>\n<p style=\"text-align: justify;\">Before booking a room, please, contact a colleague at any of the availabilities indicated.<\/p>\n<p style=\"text-align: justify;\">Should you have any remark or request, feel free to contact our colleagues.<\/p>\n<h2>How to reach us<\/h2>\n<div id=\"lmm_1480a28b\" style=\"width:100%;\" class=\"mapsmarker markermap marker-1\">\n<div id=\"lmm_panel_1480a28b\" class=\"lmm-panel\" style=\"background:#efefef;\">\n<div id=\"lmm_panel_api_1480a28b\" class=\"lmm-panel-api\"><a href=\"https:\/\/maps.google.com\/maps?daddr=Debrecen%2C+Sz%C3%ADv+utca+11%2C+Hungary&amp;t=m&amp;layer=1&amp;doflg=ptk&amp;om=0\" target=\"_blank\" title=\"Get directions\"><img data-recalc-dims=\"1\" loading=\"lazy\" decoding=\"async\" alt=\"icon-car.png\" src=\"https:\/\/i0.wp.com\/civis.house\/wp-content\/plugins\/leaflet-maps-marker\/inc\/img\/icon-car.png?resize=14%2C14&#038;ssl=1\" width=\"14\" height=\"14\" class=\"lmm-panel-api-images\" \/><\/a><\/div><div id=\"lmm_panel_text_1480a28b\" class=\"lmm-panel-text\" style=\"font-weight:bold;color:#373737;\">Sz\u00edv Panzi\u00f3<\/div><\/div>\n<div id=\"lmm_map_1480a28b\" class=\"lmm-map\" style=\"background:#f6f6f6;border:1px solid #ccc;height:480px; overflow:hidden;padding:0;\"><p style=\"font-size:80%;color:#9f9e9e;margin-left:5px;\">loading map - please wait...<noscript><br\/><strong>Map could not be loaded - please enable Javascript!<\/strong><br\/><a style=\"text-decoration:none;\" href=\"https:\/\/www.mapsmarker.com\/js-disabled\" target=\"_blank\">&rarr; more information<\/a><\/noscript><\/p><\/div>\n<div id=\"lmm_geo_tags_1480a28b\" class=\"lmm-geo-tags geo\">\n<span class=\"paneltext\">Sz\u00edv Panzi\u00f3<\/span>\n<span class=\"latitude\">47.522853<\/span>, <span class=\"longitude\">21.621465<\/span>\n<span class=\"popuptext\"><\/span>\n<\/div>\n<\/div>\n<!--\n\n\n<ul>\n \t\n\n<li style=\"text-align: justify;\"><a href=\"\/kepek\/t_magyarorszag.jpg\" target=\"blank\">Approaching Debrecen from Budapest<\/a><\/li>\n\n\n \t\n\n<li style=\"text-align: justify;\"><a href=\"\/kepek\/t_debrecen_33_35.png\" target=\"blank\">Approaching the guesthouse on road 33 from the direction of Hortob\u00e1gy or on road 35 from the direction of road M3<\/a>\nAs you are approaching Debrecen on road 35 from the direction of Polg\u00e1r, turn left into Mikl\u00f3s Street after the 20th traffic light, which is about 5 kms after the townboard indicating Debrecen. The street on the rigth after about 30ms' drive is Sz\u00edv Street.\nApproaching Debrecen on road 33 from the direction of Hortob\u00e1gy, turn right at the third traffic light (starting counting at the Baumax Store). Turn left into Mikl\u00f3s Street immediately after the ambulance station (12th traffic light), drive about 30 metres, then take the first turning on the right. That is Sz\u00edv Street. The route from the townboard to the guesthouse is about 3.5 kms long.<\/li>\n\n\n \t\n\n<li style=\"text-align: justify;\"><a href=\"\/kepek\/t_debrecen_4_hsz.png\" target=\"blank\">Approaching the guesthouse on road 4 from the direction of Hajd\u00faszoboszl\u00f3<\/a>\nApproaching Debrecen on road 4 from the direction of Hajd\u00faszoboszl\u00f3, turn right cca. 30 meters after the third traffic light (after the board indicating Debrecen). That is Sz\u00edv Street. The route from the townboard to the guesthouse is about 1.5 kms<\/li>\n\n\n \t\n\n<li style=\"text-align: justify;\"><a href=\"\/kepek\/t_debrecen_4_ny.png\" target=\"blank\">Approaching the guesthouse on road 4 from the direction of Ny\u00edregyh\u00e1za<\/a>\nAs you are appoaching Debrecen on road 4 from the direction of Ny\u00edregyh\u00e1za, you are driving on the ring road, then passing the Railway Station. Right after you have crossed the railway lines, the third street on the right is Sz\u00edv Street. The route from the townboard to the guesthouse is about 6 kms.<\/li>\n\n\n \t\n\n<li style=\"text-align: justify;\"><a href=\"\/kepek\/t_debrecen_47.png\" target=\"blank\">Approaching us on road 47 from the direction of Beretty\u00f3\u00fajfalu<\/a>\nApproaching Debrecen on road 47 from Beretty\u00f3\u00fajfalu, go over the level crossing over the Railway Station, take the second turning on the right in the direction of Budapest, drive as far as the main road crosses the double tramlines, then take the third turning on the right. That is Sz\u00edv Street.<\/li>\n\n\n \t\n\n<li style=\"text-align: justify;\"><a href=\"\/kepek\/t_debrecen.png\" target=\"blank\">How to reach us within Debrecen<\/a><\/li>\n\n\n<\/ul>\n\n\n-->","protected":false},"excerpt":{"rendered":"<p>Booking Telephone:\u00a0+36 52 322 200, +36 20 4103 049 Fax:\u00a0+36 52 322-200 E-Mail:\u00a0info@szivpanzio.hu Before booking a room, please, contact a colleague at any of the availabilities indicated. Should you have any remark or request, feel free to contact our colleagues. How to reach us<\/p>\n","protected":false},"author":1,"featured_media":0,"parent":0,"menu_order":5,"comment_status":"closed","ping_status":"closed","template":"","meta":{"jetpack_post_was_ever_published":false,"footnotes":""},"class_list":["post-19","page","type-page","status-publish","hentry"],"jetpack_shortlink":"https:\/\/wp.me\/P7MHaF-j","jetpack-related-posts":[{"id":17,"url":"https:\/\/civis.house\/en\/photos\/","url_meta":{"origin":19,"position":0},"title":"Photos","author":"heart","date":"Monday December  7th, 2015","format":false,"excerpt":"","rel":"","context":"Similar post","block_context":{"text":"Similar post","link":""},"img":{"alt_text":"","src":"https:\/\/i0.wp.com\/civis.house\/media\/01-01.JPG?resize=350%2C200","width":350,"height":200},"classes":[]},{"id":9,"url":"https:\/\/civis.house\/en\/services\/","url_meta":{"origin":19,"position":1},"title":"Services","author":"heart","date":"Monday December  7th, 2015","format":false,"excerpt":"free wireless internet barbecue in the backyard rooms with 1-3 beds, and spare beds colour LED TV in each room camera-observed car-park daytime reception service","rel":"","context":"Similar post","block_context":{"text":"Similar post","link":""},"img":{"alt_text":"","src":"https:\/\/i0.wp.com\/szivpanzio.hu\/media\/20211114_111634-Heart-Pension.jpg?resize=350%2C200","width":350,"height":200},"classes":[]},{"id":15,"url":"https:\/\/civis.house\/en\/rooms\/","url_meta":{"origin":19,"position":2},"title":"Rooms","author":"heart","date":"Monday December  7th, 2015","format":false,"excerpt":"You can occupy the room from 14 o'clock on arrival till 20 o'clock (gate closing), on departure You are asked to leave the room till 10 o'clock. The Flower Carneval and Campus Festival in Debrecen is a special event each year. In this season these prices are applied: Room with\u2026","rel":"","context":"Similar post","block_context":{"text":"Similar post","link":""},"img":{"alt_text":"single","src":"https:\/\/i0.wp.com\/szivpanzio.hu\/media\/07-83.JPG?resize=350%2C200","width":350,"height":200},"classes":[]},{"id":2,"url":"https:\/\/civis.house\/en\/","url_meta":{"origin":19,"position":3},"title":"Introduction","author":"heart","date":"Saturday September 12th, 2015","format":false,"excerpt":"Sz\u00edv Pension (C\u00edvis House Guesthouse, named after Sz\u00edv street which is existing since the 19th century) is located in a peaceful, central district of Debrecen, merely 300 metres away from the railway station and the coach station. The guesthouse has exclusive rooms for 1 to 3 guests, each with its\u2026","rel":"","context":"Similar post","block_context":{"text":"Similar post","link":""},"img":{"alt_text":"Udvar","src":"https:\/\/i0.wp.com\/szivpanzio.hu\/media\/Court-39.JPG?resize=350%2C200","width":350,"height":200},"classes":[]}],"jetpack_sharing_enabled":true,"_links":{"self":[{"href":"https:\/\/civis.house\/en\/wp-json\/wp\/v2\/pages\/19","targetHints":{"allow":["GET"]}}],"collection":[{"href":"https:\/\/civis.house\/en\/wp-json\/wp\/v2\/pages"}],"about":[{"href":"https:\/\/civis.house\/en\/wp-json\/wp\/v2\/types\/page"}],"author":[{"embeddable":true,"href":"https:\/\/civis.house\/en\/wp-json\/wp\/v2\/users\/1"}],"replies":[{"embeddable":true,"href":"https:\/\/civis.house\/en\/wp-json\/wp\/v2\/comments?post=19"}],"version-history":[{"count":13,"href":"https:\/\/civis.house\/en\/wp-json\/wp\/v2\/pages\/19\/revisions"}],"predecessor-version":[{"id":1163,"href":"https:\/\/civis.house\/en\/wp-json\/wp\/v2\/pages\/19\/revisions\/1163"}],"wp:attachment":[{"href":"https:\/\/civis.house\/en\/wp-json\/wp\/v2\/media?parent=19"}],"curies":[{"name":"wp","href":"https:\/\/api.w.org\/{rel}","templated":true}]}}