{"id":2,"date":"2015-09-12T19:05:28","date_gmt":"2015-09-12T18:05:28","guid":{"rendered":"http:\/\/szivpanzio.hu\/?page_id=2"},"modified":"2024-08-07T11:14:08","modified_gmt":"2024-08-07T10:14:08","slug":"introduction","status":"publish","type":"page","link":"https:\/\/civis.house\/en\/","title":{"rendered":"Introduction"},"content":{"rendered":"<p style=\"text-align: justify;\"><img data-recalc-dims=\"1\" loading=\"lazy\" decoding=\"async\" style=\"float: left; padding-right: 15px;\" src=\"https:\/\/i0.wp.com\/szivpanzio.hu\/media\/Court-39.JPG?resize=300%2C200\" alt=\"Yard\" width=\"300\" height=\"200\" \/>Sz\u00edv Pension (C\u00edvis House Guesthouse, named after Sz\u00edv street which is existing since the 19th century) is located in a peaceful, central district of Debrecen, merely 300 metres away from the railway station and the coach station. The guesthouse has exclusive rooms for 1 to 3 guests, each with its own bathroom. The two storey building was built in 2006 and was renovated in 2020, and it has got an inner courtyard. In addition, we offer to our guests a car-park for a restricted number of cars.<\/p>\n<p><img data-recalc-dims=\"1\" loading=\"lazy\" decoding=\"async\" style=\"float: right; padding-left: 15px;\" src=\"https:\/\/i0.wp.com\/szivpanzio.hu\/media\/Front-85.JPG?resize=300%2C200\" alt=\"Street\" width=\"300\" height=\"200\" \/><\/p>\n<p style=\"text-align: justify;\">Each room is equipped with a colour LED TV and a fridge. There&#8217;s a bus and trolley-bus stop near the guesthouse, from where one can easily reach the Aquaticum Spa, the Thermal Spa, the University of Debrecen, the University Clinic, the Stadium, the F\u0151nix Sports Hall and the Sports Hall in Ol\u00e1h G\u00e1bor Street. The centre of town with Kossuth Square and Piac Street is also within easy reach, just 5 minutes&#8217; walk. There one can find the most important sights of Debrecen, the Calvinist Church and Museum D\u00e9ry.<\/p>\n<p style=\"text-align: justify;\">All the employees of Sz\u00edv Pension (C\u00edvis House\u00a0Guesthouse) on Sz\u00edv street wish you a pleasant stay.<\/p>","protected":false},"excerpt":{"rendered":"<p>Sz\u00edv Pension (C\u00edvis House Guesthouse, named after Sz\u00edv street which is existing since the 19th century) is located in a peaceful, central district of Debrecen, merely 300 metres away from the railway station and the coach station. The guesthouse has exclusive rooms for 1 to 3 guests, each with its own bathroom. The two storey [&hellip;]<\/p>\n","protected":false},"author":1,"featured_media":0,"parent":0,"menu_order":1,"comment_status":"closed","ping_status":"closed","template":"","meta":{"jetpack_post_was_ever_published":false,"footnotes":""},"class_list":["post-2","page","type-page","status-publish","hentry"],"jetpack_shortlink":"https:\/\/wp.me\/P7MHaF-2","jetpack-related-posts":[{"id":9,"url":"https:\/\/civis.house\/en\/services\/","url_meta":{"origin":2,"position":0},"title":"Services","author":"heart","date":"Monday December  7th, 2015","format":false,"excerpt":"free wireless internet barbecue in the backyard rooms with 1-3 beds, and spare beds colour LED TV in each room camera-observed car-park daytime reception service","rel":"","context":"Similar post","block_context":{"text":"Similar post","link":""},"img":{"alt_text":"","src":"https:\/\/i0.wp.com\/szivpanzio.hu\/media\/20211114_111634-Heart-Pension.jpg?resize=350%2C200","width":350,"height":200},"classes":[]},{"id":15,"url":"https:\/\/civis.house\/en\/rooms\/","url_meta":{"origin":2,"position":1},"title":"Rooms","author":"heart","date":"Monday December  7th, 2015","format":false,"excerpt":"You can occupy the room from 14 o'clock on arrival till 20 o'clock (gate closing), on departure You are asked to leave the room till 10 o'clock. The Flower Carneval and Campus Festival in Debrecen is a special event each year. In this season these prices are applied: Room with\u2026","rel":"","context":"Similar post","block_context":{"text":"Similar post","link":""},"img":{"alt_text":"single","src":"https:\/\/i0.wp.com\/szivpanzio.hu\/media\/07-83.JPG?resize=350%2C200","width":350,"height":200},"classes":[]},{"id":17,"url":"https:\/\/civis.house\/en\/photos\/","url_meta":{"origin":2,"position":2},"title":"Photos","author":"heart","date":"Monday December  7th, 2015","format":false,"excerpt":"","rel":"","context":"Similar post","block_context":{"text":"Similar post","link":""},"img":{"alt_text":"","src":"https:\/\/i0.wp.com\/civis.house\/media\/01-01.JPG?resize=350%2C200","width":350,"height":200},"classes":[]},{"id":19,"url":"https:\/\/civis.house\/en\/contact\/","url_meta":{"origin":2,"position":3},"title":"Contact","author":"heart","date":"Monday December  7th, 2015","format":false,"excerpt":"Booking Telephone:\u00a0+36 52 322 200, +36 20 4103 049 Fax:\u00a0+36 52 322-200 E-Mail:\u00a0info@szivpanzio.hu Before booking a room, please, contact a colleague at any of the availabilities indicated. Should you have any remark or request, feel free to contact our colleagues. How to reach us","rel":"","context":"Similar post","block_context":{"text":"Similar post","link":""},"img":{"alt_text":"","src":"","width":0,"height":0},"classes":[]}],"jetpack_sharing_enabled":true,"_links":{"self":[{"href":"https:\/\/civis.house\/en\/wp-json\/wp\/v2\/pages\/2","targetHints":{"allow":["GET"]}}],"collection":[{"href":"https:\/\/civis.house\/en\/wp-json\/wp\/v2\/pages"}],"about":[{"href":"https:\/\/civis.house\/en\/wp-json\/wp\/v2\/types\/page"}],"author":[{"embeddable":true,"href":"https:\/\/civis.house\/en\/wp-json\/wp\/v2\/users\/1"}],"replies":[{"embeddable":true,"href":"https:\/\/civis.house\/en\/wp-json\/wp\/v2\/comments?post=2"}],"version-history":[{"count":29,"href":"https:\/\/civis.house\/en\/wp-json\/wp\/v2\/pages\/2\/revisions"}],"predecessor-version":[{"id":22939,"href":"https:\/\/civis.house\/en\/wp-json\/wp\/v2\/pages\/2\/revisions\/22939"}],"wp:attachment":[{"href":"https:\/\/civis.house\/en\/wp-json\/wp\/v2\/media?parent=2"}],"curies":[{"name":"wp","href":"https:\/\/api.w.org\/{rel}","templated":true}]}}