{"id":9,"date":"2015-12-07T20:04:52","date_gmt":"2015-12-07T20:04:52","guid":{"rendered":"http:\/\/szivpanzio.hu\/?page_id=9"},"modified":"2024-08-07T10:59:17","modified_gmt":"2024-08-07T09:59:17","slug":"services","status":"publish","type":"page","link":"https:\/\/civis.house\/en\/services\/","title":{"rendered":"Services"},"content":{"rendered":"<img data-recalc-dims=\"1\" loading=\"lazy\" decoding=\"async\" style=\"float: right; padding-left: 15px;\" src=\"https:\/\/i0.wp.com\/szivpanzio.hu\/media\/20211114_111634-Heart-Pension.jpg?resize=300%2C200\" alt=\"\" width=\"300\" height=\"200\" \/><\/p>\n<ul>\n<li style=\"list-style-type: none;\">\n<ul>\n<li style=\"text-align: justify; font-size: medium;\"><b>free wireless internet<\/b><\/li>\n<li style=\"text-align: justify; font-size: medium;\">barbecue in the backyard<\/li>\n<li style=\"text-align: justify; font-size: medium;\">rooms with 1-3 beds, and spare beds<\/li>\n<li style=\"text-align: justify; font-size: medium;\">colour LED TV in each room<\/li>\n<li style=\"text-align: justify; font-size: medium;\">camera-observed car-park<\/li>\n<li style=\"text-align: justify; font-size: medium;\">daytime reception service<\/li>\n<\/ul>\n<\/li>\n<\/ul>\n<p><!--\n \t\n\n<li style=\"text-align: justify; font-size: medium;\">gratis bicycle rent for at least three day stay<\/li>\n\n\n-->","protected":false},"excerpt":{"rendered":"<p>free wireless internet barbecue in the backyard rooms with 1-3 beds, and spare beds colour LED TV in each room camera-observed car-park daytime reception service<\/p>\n","protected":false},"author":1,"featured_media":0,"parent":0,"menu_order":2,"comment_status":"closed","ping_status":"closed","template":"","meta":{"jetpack_post_was_ever_published":false,"footnotes":""},"class_list":["post-9","page","type-page","status-publish","hentry"],"jetpack_shortlink":"https:\/\/wp.me\/P7MHaF-9","jetpack-related-posts":[{"id":15,"url":"https:\/\/civis.house\/en\/rooms\/","url_meta":{"origin":9,"position":0},"title":"Rooms","author":"heart","date":"Monday December  7th, 2015","format":false,"excerpt":"You can occupy the room from 14 o'clock on arrival till 20 o'clock (gate closing), on departure You are asked to leave the room till 10 o'clock. The Flower Carneval and Campus Festival in Debrecen is a special event each year. In this season these prices are applied: Room with\u2026","rel":"","context":"Similar post","block_context":{"text":"Similar post","link":""},"img":{"alt_text":"single","src":"https:\/\/i0.wp.com\/szivpanzio.hu\/media\/07-83.JPG?resize=350%2C200","width":350,"height":200},"classes":[]},{"id":2,"url":"https:\/\/civis.house\/en\/","url_meta":{"origin":9,"position":1},"title":"Introduction","author":"heart","date":"Saturday September 12th, 2015","format":false,"excerpt":"Sz\u00edv Pension (C\u00edvis House Guesthouse, named after Sz\u00edv street which is existing since the 19th century) is located in a peaceful, central district of Debrecen, merely 300 metres away from the railway station and the coach station. The guesthouse has exclusive rooms for 1 to 3 guests, each with its\u2026","rel":"","context":"Similar post","block_context":{"text":"Similar post","link":""},"img":{"alt_text":"Udvar","src":"https:\/\/i0.wp.com\/szivpanzio.hu\/media\/Court-39.JPG?resize=350%2C200","width":350,"height":200},"classes":[]},{"id":17,"url":"https:\/\/civis.house\/en\/photos\/","url_meta":{"origin":9,"position":2},"title":"Photos","author":"heart","date":"Monday December  7th, 2015","format":false,"excerpt":"","rel":"","context":"Similar post","block_context":{"text":"Similar post","link":""},"img":{"alt_text":"","src":"https:\/\/i0.wp.com\/civis.house\/media\/01-01.JPG?resize=350%2C200","width":350,"height":200},"classes":[]},{"id":19,"url":"https:\/\/civis.house\/en\/contact\/","url_meta":{"origin":9,"position":3},"title":"Contact","author":"heart","date":"Monday December  7th, 2015","format":false,"excerpt":"Booking Telephone:\u00a0+36 52 322 200, +36 20 4103 049 Fax:\u00a0+36 52 322-200 E-Mail:\u00a0info@szivpanzio.hu Before booking a room, please, contact a colleague at any of the availabilities indicated. Should you have any remark or request, feel free to contact our colleagues. How to reach us","rel":"","context":"Similar post","block_context":{"text":"Similar post","link":""},"img":{"alt_text":"","src":"","width":0,"height":0},"classes":[]}],"jetpack_sharing_enabled":true,"_links":{"self":[{"href":"https:\/\/civis.house\/en\/wp-json\/wp\/v2\/pages\/9","targetHints":{"allow":["GET"]}}],"collection":[{"href":"https:\/\/civis.house\/en\/wp-json\/wp\/v2\/pages"}],"about":[{"href":"https:\/\/civis.house\/en\/wp-json\/wp\/v2\/types\/page"}],"author":[{"embeddable":true,"href":"https:\/\/civis.house\/en\/wp-json\/wp\/v2\/users\/1"}],"replies":[{"embeddable":true,"href":"https:\/\/civis.house\/en\/wp-json\/wp\/v2\/comments?post=9"}],"version-history":[{"count":20,"href":"https:\/\/civis.house\/en\/wp-json\/wp\/v2\/pages\/9\/revisions"}],"predecessor-version":[{"id":22938,"href":"https:\/\/civis.house\/en\/wp-json\/wp\/v2\/pages\/9\/revisions\/22938"}],"wp:attachment":[{"href":"https:\/\/civis.house\/en\/wp-json\/wp\/v2\/media?parent=9"}],"curies":[{"name":"wp","href":"https:\/\/api.w.org\/{rel}","templated":true}]}}