{"id":15,"date":"2015-12-07T21:52:12","date_gmt":"2015-12-07T21:52:12","guid":{"rendered":"http:\/\/szivpanzio.hu\/?page_id=15"},"modified":"2024-08-07T10:49:58","modified_gmt":"2024-08-07T09:49:58","slug":"rooms","status":"publish","type":"page","link":"https:\/\/civis.house\/hu\/rooms\/","title":{"rendered":"Szob\u00e1k"},"content":{"rendered":"<strong>A szob\u00e1t meg\u00e9rkez\u00e9s\u00fck napj\u00e1n 14 \u00f3r\u00e1t\u00f3l foglalhatj\u00e1k el 20 \u00f3r\u00e1ig (kapuz\u00e1r\u00e1s), elutaz\u00e1s napj\u00e1n pedig 10 \u00f3r\u00e1ig sz\u00edveskedjenek elhagyni.<\/strong><\/p>\n<div class=\"su-table su-table-alternate\">\n<p>&nbsp;<\/p>\n<table width=\"100%\">\n<tbody>\n<tr>\n<td width=\"45%\">T\u00edpus<\/td>\n<td width=\"45%\">Felszerelts\u00e9g<\/td>\n<td width=\"10%\">\u00c1r (Ft\/szoba)<\/td>\n<\/tr>\n<tr>\n<td><img data-recalc-dims=\"1\" loading=\"lazy\" decoding=\"async\" src=\"https:\/\/i0.wp.com\/szivpanzio.hu\/media\/07-83.JPG?resize=300%2C200\" alt=\"single\" width=\"300\" height=\"200\" \/> Egy\u00e1gyas<\/td>\n<td>&nbsp;<\/p>\n<p>Internet, tv, zuhany, wc<\/td>\n<td>&nbsp;<\/p>\n<p>15 500Ft + IFA<\/td>\n<\/tr>\n<tr>\n<td><img data-recalc-dims=\"1\" loading=\"lazy\" decoding=\"async\" src=\"https:\/\/i0.wp.com\/szivpanzio.hu\/media\/07-83.JPG?resize=300%2C200\" alt=\"twin\" width=\"300\" height=\"200\" \/> K\u00e9t\u00e1gyas<\/td>\n<td>&nbsp;<\/p>\n<p>Internet, tv, zuhany, wc<\/td>\n<td>&nbsp;<\/p>\n<p>17 700Ft + IFA<\/td>\n<\/tr>\n<tr>\n<td><img data-recalc-dims=\"1\" loading=\"lazy\" decoding=\"async\" src=\"https:\/\/i0.wp.com\/szivpanzio.hu\/media\/10-33.JPG?resize=300%2C200\" alt=\"double\" width=\"300\" height=\"200\" \/> Francia\u00e1gyas<\/td>\n<td>&nbsp;<\/p>\n<p>Internet, tv, zuhany, wc<\/td>\n<td>&nbsp;<\/p>\n<p>17 700Ft + IFA<\/td>\n<\/tr>\n<tr>\n<td><img data-recalc-dims=\"1\" loading=\"lazy\" decoding=\"async\" src=\"https:\/\/i0.wp.com\/szivpanzio.hu\/media\/13-56.JPG?resize=300%2C200\" alt=\"triple\" width=\"300\" height=\"200\" \/> H\u00e1rom\u00e1gyas<\/td>\n<td>&nbsp;<\/p>\n<p>Internet, udvarr\u00f3l ny\u00edl\u00f3, k\u00fcl\u00f6n bej\u00e1rat\u00fa, \u00e1tlagn\u00e1l csendesebb, tv, zuhany, wc<\/td>\n<td>&nbsp;<\/p>\n<p>25 100Ft + IFA<\/td>\n<\/tr>\n<\/tbody>\n<\/table>\n<\/div>\n<p>Debrecenben a Vir\u00e1gkarnev\u00e1l \u00e9s Campus Fesztiv\u00e1l minden \u00e9vben egy kiemelt rendezv\u00e9ny. Ebben az id\u0151szakban az \u00e1rak a k\u00f6vetkez\u0151ek:<\/p>\n<p>k\u00e9t\u00e1gyas, francia\u00e1gyas szoba: 24 000Ft + IFA<\/p>\n<p>h\u00e1rom\u00e1gyas szoba: 32 000Ft + IFA<br \/>\n<!--n\u00e9gy\u00e1gyas szoba: -->","protected":false},"excerpt":{"rendered":"<p>A szob\u00e1t meg\u00e9rkez\u00e9s\u00fck napj\u00e1n 14 \u00f3r\u00e1t\u00f3l foglalhatj\u00e1k el 20 \u00f3r\u00e1ig (kapuz\u00e1r\u00e1s), elutaz\u00e1s napj\u00e1n pedig 10 \u00f3r\u00e1ig sz\u00edveskedjenek elhagyni. Debrecenben a Vir\u00e1gkarnev\u00e1l \u00e9s Campus Fesztiv\u00e1l minden \u00e9vben egy kiemelt rendezv\u00e9ny. Ebben az id\u0151szakban az \u00e1rak a k\u00f6vetkez\u0151ek: k\u00e9t\u00e1gyas, francia\u00e1gyas szoba: 24 000Ft + IFA h\u00e1rom\u00e1gyas szoba: 32 000Ft + IFA<\/p>\n","protected":false},"author":1,"featured_media":0,"parent":0,"menu_order":3,"comment_status":"closed","ping_status":"closed","template":"","meta":{"jetpack_post_was_ever_published":false,"footnotes":""},"class_list":["post-15","page","type-page","status-publish","hentry"],"jetpack_shortlink":"https:\/\/wp.me\/P7MHaF-f","jetpack-related-posts":[{"id":9,"url":"https:\/\/civis.house\/hu\/services\/","url_meta":{"origin":15,"position":0},"title":"Szolg\u00e1ltat\u00e1saink","author":"heart","date":"2015 December  7, Monday","format":false,"excerpt":"ingyenes internet hozz\u00e1f\u00e9r\u00e9s (wireless) grillez\u00e9si \u00e9s bogr\u00e1csoz\u00e1si lehet\u0151s\u00e9g az udvaron 1-3 \u00e1gyas, p\u00f3t\u00e1gyazhat\u00f3 szob\u00e1k sz\u00ednes LED telev\u00edzi\u00f3 minden szob\u00e1ban kamer\u00e1val megfigyelt parkol\u00f3 nappali recepci\u00f3s szolg\u00e1lat","rel":"","context":"Similar post","block_context":{"text":"Similar post","link":""},"img":{"alt_text":"","src":"https:\/\/i0.wp.com\/szivpanzio.hu\/media\/20211114_111634-Heart-Pension.jpg?resize=350%2C200","width":350,"height":200},"classes":[]},{"id":2,"url":"https:\/\/civis.house\/hu\/","url_meta":{"origin":15,"position":1},"title":"Bemutatkoz\u00e1s","author":"heart","date":"2015 September 12, Saturday","format":false,"excerpt":"A Sz\u00edv Panzi\u00f3 (C\u00edvis House Sz\u00e1ll\u00e1s, mely nev\u00e9t az 1800-as \u00e9vek elej\u00e9t\u0151l megl\u00e9v\u0151 Sz\u00edv utc\u00e1r\u00f3l kapta) Debrecen k\u00f6zponti, csendes \u00f6vezet\u00e9ben tal\u00e1lhat\u00f3, mind\u00f6ssze 300 m\u00e9terre a vas\u00fat\u00e1llom\u00e1st\u00f3l, illetve a t\u00e1vols\u00e1gi busz\u00e1llom\u00e1st\u00f3l. A sz\u00e1ll\u00e1shely exkluz\u00edv szob\u00e1kkal rendelkezik 1 - 3 szem\u00e9ly r\u00e9sz\u00e9re, minden szob\u00e1hoz saj\u00e1t f\u00fcrd\u0151szoba tartozik. 2006-ban \u00e9p\u00fclt \u00e9s 2020-ban fel\u00faj\u00edtott,\u2026","rel":"","context":"Similar post","block_context":{"text":"Similar post","link":""},"img":{"alt_text":"Udvar","src":"https:\/\/i0.wp.com\/szivpanzio.hu\/media\/Court-39.JPG?resize=350%2C200","width":350,"height":200},"classes":[]},{"id":17,"url":"https:\/\/civis.house\/hu\/photos\/","url_meta":{"origin":15,"position":2},"title":"K\u00e9pek","author":"heart","date":"2015 December  7, Monday","format":false,"excerpt":"","rel":"","context":"Similar post","block_context":{"text":"Similar post","link":""},"img":{"alt_text":"","src":"https:\/\/i0.wp.com\/civis.house\/media\/01-01.JPG?resize=350%2C200","width":350,"height":200},"classes":[]},{"id":19,"url":"https:\/\/civis.house\/hu\/contact\/","url_meta":{"origin":15,"position":3},"title":"Kapcsolat","author":"heart","date":"2015 December  7, Monday","format":false,"excerpt":"Szobafoglal\u00e1s Telefon:\u00a0+36 52 322 200, +36 20 4103 049 Fax:\u00a0+36 52 322-200 E-Mail: info@szivpanzio.hu Miel\u0151tt jelezn\u00e9 szobafoglal\u00e1si sz\u00e1nd\u00e9k\u00e1t, k\u00e9rj\u00fck minden esetben vegye fel a kapcsolatot munkat\u00e1rsainkkal a megadott el\u00e9rhet\u0151s\u00e9gek b\u00e1rmelyik\u00e9n. \u00c9szrev\u00e9teleivel, k\u00e9rd\u00e9seivel forduljon bizalommal munkat\u00e1rsainkhoz! Megk\u00f6zel\u00edthet\u0151s\u00e9g","rel":"","context":"Similar post","block_context":{"text":"Similar post","link":""},"img":{"alt_text":"","src":"","width":0,"height":0},"classes":[]}],"jetpack_sharing_enabled":true,"_links":{"self":[{"href":"https:\/\/civis.house\/hu\/wp-json\/wp\/v2\/pages\/15","targetHints":{"allow":["GET"]}}],"collection":[{"href":"https:\/\/civis.house\/hu\/wp-json\/wp\/v2\/pages"}],"about":[{"href":"https:\/\/civis.house\/hu\/wp-json\/wp\/v2\/types\/page"}],"author":[{"embeddable":true,"href":"https:\/\/civis.house\/hu\/wp-json\/wp\/v2\/users\/1"}],"replies":[{"embeddable":true,"href":"https:\/\/civis.house\/hu\/wp-json\/wp\/v2\/comments?post=15"}],"version-history":[{"count":50,"href":"https:\/\/civis.house\/hu\/wp-json\/wp\/v2\/pages\/15\/revisions"}],"predecessor-version":[{"id":22937,"href":"https:\/\/civis.house\/hu\/wp-json\/wp\/v2\/pages\/15\/revisions\/22937"}],"wp:attachment":[{"href":"https:\/\/civis.house\/hu\/wp-json\/wp\/v2\/media?parent=15"}],"curies":[{"name":"wp","href":"https:\/\/api.w.org\/{rel}","templated":true}]}}