{"id":19,"date":"2015-12-07T22:22:02","date_gmt":"2015-12-07T22:22:02","guid":{"rendered":"http:\/\/szivpanzio.hu\/?page_id=19"},"modified":"2018-11-02T13:24:05","modified_gmt":"2018-11-02T12:24:05","slug":"contact","status":"publish","type":"page","link":"https:\/\/civis.house\/hu\/contact\/","title":{"rendered":"Kapcsolat"},"content":{"rendered":"<h2>Szobafoglal\u00e1s<\/h2>\n<ul>\n<li style=\"text-align: justify; font-size: large;\">Telefon:\u00a0<a href=\"tel:+36 52 322 200\">+36 52 322 200<\/a>, <a href=\"tel:+36 20 4103 0490\">+36 20 4103 049<\/a><\/li>\n<li style=\"text-align: justify; font-size: large;\">Fax:\u00a0+36 52 322-200<\/li>\n<li style=\"text-align: justify; font-size: large;\">E-Mail: <a href=\"mailto:info@szivpanzio.hu\">info@szivpanzio.hu<\/a><\/li>\n<\/ul>\n<p style=\"text-align: justify;\">Miel\u0151tt jelezn\u00e9 szobafoglal\u00e1si sz\u00e1nd\u00e9k\u00e1t, k\u00e9rj\u00fck minden esetben vegye fel a kapcsolatot munkat\u00e1rsainkkal a megadott el\u00e9rhet\u0151s\u00e9gek b\u00e1rmelyik\u00e9n.<\/p>\n<p style=\"text-align: justify;\">\u00c9szrev\u00e9teleivel, k\u00e9rd\u00e9seivel forduljon bizalommal munkat\u00e1rsainkhoz!<\/p>\n<h2>Megk\u00f6zel\u00edthet\u0151s\u00e9g<\/h2>\n<div id=\"lmm_4316e8ce\" style=\"width:100%;\" class=\"mapsmarker markermap marker-1\">\n<div id=\"lmm_panel_4316e8ce\" class=\"lmm-panel\" style=\"background:#efefef;\">\n<div id=\"lmm_panel_api_4316e8ce\" class=\"lmm-panel-api\"><a href=\"https:\/\/maps.google.com\/maps?daddr=Debrecen%2C+Sz%C3%ADv+utca+11%2C+Hungary&amp;t=m&amp;layer=1&amp;doflg=ptk&amp;om=0\" target=\"_blank\" title=\"Ir\u00e1ny megad\u00e1sa\"><img data-recalc-dims=\"1\" loading=\"lazy\" decoding=\"async\" alt=\"icon-car.png\" src=\"https:\/\/i0.wp.com\/civis.house\/wp-content\/plugins\/leaflet-maps-marker\/inc\/img\/icon-car.png?resize=14%2C14&#038;ssl=1\" width=\"14\" height=\"14\" class=\"lmm-panel-api-images\" \/><\/a><\/div><div id=\"lmm_panel_text_4316e8ce\" class=\"lmm-panel-text\" style=\"font-weight:bold;color:#373737;\">Sz\u00edv Panzi\u00f3<\/div><\/div>\n<div id=\"lmm_map_4316e8ce\" class=\"lmm-map\" style=\"background:#f6f6f6;border:1px solid #ccc;height:480px; overflow:hidden;padding:0;\"><p style=\"font-size:80%;color:#9f9e9e;margin-left:5px;\">loading map - please wait...<noscript><br\/><strong>Map could not be loaded - please enable Javascript!<\/strong><br\/><a style=\"text-decoration:none;\" href=\"https:\/\/www.mapsmarker.com\/js-disabled\" target=\"_blank\">&rarr; more information<\/a><\/noscript><\/p><\/div>\n<div id=\"lmm_geo_tags_4316e8ce\" class=\"lmm-geo-tags geo\">\n<span class=\"paneltext\">Sz\u00edv Panzi\u00f3<\/span>\n<span class=\"latitude\">47.522853<\/span>, <span class=\"longitude\">21.621465<\/span>\n<span class=\"popuptext\"><\/span>\n<\/div>\n<\/div>\n<!--\n\n\n<ul>\n \t\n\n<li style=\"text-align: justify;\"><a href=\"\/kepek\/t_magyarorszag.jpg\" target=\"_blank\" rel=\"noopener\">Debrecen megk\u00f6zel\u00edt\u00e9se Budapest ir\u00e1ny\u00e1b\u00f3l<\/a><\/li>\n\n\n \t\n\n<li style=\"text-align: justify;\"><a href=\"\/kepek\/t_debrecen_33_35.png\" target=\"_blank\" rel=\"noopener\">Vend\u00e9gh\u00e1zunk el\u00e9rhet\u0151s\u00e9ge a 33-as f\u0151\u00fatr\u00f3l be\u00e9rkezve Hortob\u00e1gy, illetve a 35-\u00f6s f\u0151\u00fatr\u00f3l be\u00e9rkezve az M3 as aut\u00f3p\u00e1lya ir\u00e1ny\u00e1b\u00f3l<\/a>\n35-\u00f6s f\u0151\u00fatvonalon- Polg\u00e1r fel\u0151l - ahogy be\u00e9rkez\u00fcnk Debrecenbe, a Debrecen jelz\u0151t\u00e1bl\u00e1t\u00f3l 5km-re a 20. jelz\u0151l\u00e1mp\u00e1n\u00e1l balra kanyarodunk a Mikl\u00f3s utc\u00e1ra, \u00e9s azon 30m-t haladva jobbra tal\u00e1lhat\u00f3 a Sz\u00edv utca.\n33-as \u00faton- Hortob\u00e1gy fel\u0151l- Debrecenbe \u00e9rkezv\u00e9n, a Baumax \u00e1ruh\u00e1zt\u00f3l sz\u00e1molva a 3. jelz\u0151l\u00e1mp\u00e1n\u00e1l Hajd\u00faszoboszl\u00f3 fel\u00e9 fordulunk, majd a 12. jelz\u0151l\u00e1mp\u00e1n\u00e1l -k\u00f6zvetlen a ment\u0151\u00e1llom\u00e1s ut\u00e1n-balra kanyarodunk a Mikl\u00f3s utc\u00e1ra, \u00e9s azon 30m-t haladva jobbra tal\u00e1lhat\u00f3 a Sz\u00edv utca. A Debrecen t\u00e1bl\u00e1t\u00f3l a vend\u00e9gh\u00e1zig 3,5 km hossz\u00fa az \u00fat.<\/li>\n\n\n \t\n\n<li style=\"text-align: justify;\"><a href=\"\/kepek\/t_debrecen_4_hsz.png\" target=\"_blank\" rel=\"noopener\">Vend\u00e9gh\u00e1zunk el\u00e9rhet\u0151s\u00e9ge a 4-es f\u0151\u00fatr\u00f3l be\u00e9rkezve Hajd\u00faszoboszl\u00f3 ir\u00e1ny\u00e1b\u00f3l<\/a>\nA 4-es f\u0151\u00faton Hajd\u00faszoboszl\u00f3 fel\u0151l \u00e9rkezve, A Debrecen helys\u00e9gt\u00e1bl\u00e1t k\u00f6vet\u0151en a 3. jelz\u0151l\u00e1mp\u00e1t elhagyva 30-re jobbra kanyarodunk \u00e9s a Sz\u00edv utc\u00e1ra \u00e9rkezt\u00fcnk. A Debrecen t\u00e1bl\u00e1t\u00f3l a vend\u00e9gh\u00e1zig 1,5 km hossz\u00fa az \u00fat.<\/li>\n\n\n \t\n\n<li style=\"text-align: justify;\"><a href=\"\/kepek\/t_debrecen_4_ny.png\" target=\"_blank\" rel=\"noopener\">Vend\u00e9gh\u00e1zunk el\u00e9rhet\u0151s\u00e9ge a 4-es f\u0151\u00fatr\u00f3l be\u00e9rkezve Ny\u00edregyh\u00e1za ir\u00e1ny\u00e1b\u00f3l<\/a>\nNy\u00edregyh\u00e1za fel\u0151l \u00e9rkezve folyamatosan a 4-es f\u0151\u00fatvonal k\u00f6rgy\u0171r\u0171j\u00e9n haladva, a debreceni Nagy\u00e1llom\u00e1st elhagyva, ahogy az \u00fat a villamoss\u00edneket keresztezi a 3. utca jobbra a Sz\u00edv utca. A Debrecen t\u00e1bl\u00e1t\u00f3l a vend\u00e9gh\u00e1zig 6km hossz\u00fa az \u00fat.<\/li>\n\n\n \t\n\n<li style=\"text-align: justify;\"><a href=\"\/kepek\/t_debrecen_47.png\" target=\"_blank\" rel=\"noopener\">Vend\u00e9gh\u00e1zunk el\u00e9rhet\u0151s\u00e9ge a 47-es f\u0151\u00fatvonalon Beretty\u00f3\u00fajfalu ir\u00e1ny\u00e1b\u00f3l<\/a>\nA 47-es f\u0151\u00fatvonalon -Beretty\u00f3\u00fajfalu ir\u00e1ny\u00e1b\u00f3l- Debrecenbe \u00e9rve a Nagy\u00e1llom\u00e1s fel\u00fclj\u00e1r\u00f3j\u00e1n Budapest fel\u00e9 j\u00f6vet a f\u0151\u00fatvonal mihelyt keresztezi a kett\u0151s villamosp\u00e1ly\u00e1t, onnan sz\u00e1molva a 3. \u00fatkeresztez\u0151d\u00e9s jobbra a Sz\u00edv utca.<\/li>\n\n\n \t\n\n<li style=\"text-align: justify;\"><a href=\"\/kepek\/t_debrecen.png\" target=\"_blank\" rel=\"noopener\">Vend\u00e9gh\u00e1zunk el\u00e9rhet\u0151s\u00e9ge Debrecenen bel\u00fcl<\/a><\/li>\n\n\n<\/ul>\n\n\n-->","protected":false},"excerpt":{"rendered":"<p>Szobafoglal\u00e1s Telefon:\u00a0+36 52 322 200, +36 20 4103 049 Fax:\u00a0+36 52 322-200 E-Mail: info@szivpanzio.hu Miel\u0151tt jelezn\u00e9 szobafoglal\u00e1si sz\u00e1nd\u00e9k\u00e1t, k\u00e9rj\u00fck minden esetben vegye fel a kapcsolatot munkat\u00e1rsainkkal a megadott el\u00e9rhet\u0151s\u00e9gek b\u00e1rmelyik\u00e9n. \u00c9szrev\u00e9teleivel, k\u00e9rd\u00e9seivel forduljon bizalommal munkat\u00e1rsainkhoz! Megk\u00f6zel\u00edthet\u0151s\u00e9g<\/p>\n","protected":false},"author":1,"featured_media":0,"parent":0,"menu_order":5,"comment_status":"closed","ping_status":"closed","template":"","meta":{"jetpack_post_was_ever_published":false,"footnotes":""},"class_list":["post-19","page","type-page","status-publish","hentry"],"jetpack_shortlink":"https:\/\/wp.me\/P7MHaF-j","jetpack-related-posts":[{"id":17,"url":"https:\/\/civis.house\/hu\/photos\/","url_meta":{"origin":19,"position":0},"title":"K\u00e9pek","author":"heart","date":"2015 December  7, Monday","format":false,"excerpt":"","rel":"","context":"Similar post","block_context":{"text":"Similar post","link":""},"img":{"alt_text":"","src":"https:\/\/i0.wp.com\/civis.house\/media\/01-01.JPG?resize=350%2C200","width":350,"height":200},"classes":[]},{"id":9,"url":"https:\/\/civis.house\/hu\/services\/","url_meta":{"origin":19,"position":1},"title":"Szolg\u00e1ltat\u00e1saink","author":"heart","date":"2015 December  7, Monday","format":false,"excerpt":"ingyenes internet hozz\u00e1f\u00e9r\u00e9s (wireless) grillez\u00e9si \u00e9s bogr\u00e1csoz\u00e1si lehet\u0151s\u00e9g az udvaron 1-3 \u00e1gyas, p\u00f3t\u00e1gyazhat\u00f3 szob\u00e1k sz\u00ednes LED telev\u00edzi\u00f3 minden szob\u00e1ban kamer\u00e1val megfigyelt parkol\u00f3 nappali recepci\u00f3s szolg\u00e1lat","rel":"","context":"Similar post","block_context":{"text":"Similar post","link":""},"img":{"alt_text":"","src":"https:\/\/i0.wp.com\/szivpanzio.hu\/media\/20211114_111634-Heart-Pension.jpg?resize=350%2C200","width":350,"height":200},"classes":[]},{"id":15,"url":"https:\/\/civis.house\/hu\/rooms\/","url_meta":{"origin":19,"position":2},"title":"Szob\u00e1k","author":"heart","date":"2015 December  7, Monday","format":false,"excerpt":"A szob\u00e1t meg\u00e9rkez\u00e9s\u00fck napj\u00e1n 14 \u00f3r\u00e1t\u00f3l foglalhatj\u00e1k el 20 \u00f3r\u00e1ig (kapuz\u00e1r\u00e1s), elutaz\u00e1s napj\u00e1n pedig 10 \u00f3r\u00e1ig sz\u00edveskedjenek elhagyni. Debrecenben a Vir\u00e1gkarnev\u00e1l \u00e9s Campus Fesztiv\u00e1l minden \u00e9vben egy kiemelt rendezv\u00e9ny. Ebben az id\u0151szakban az \u00e1rak a k\u00f6vetkez\u0151ek: k\u00e9t\u00e1gyas, francia\u00e1gyas szoba: 24 000Ft + IFA h\u00e1rom\u00e1gyas szoba: 32 000Ft + IFA","rel":"","context":"Similar post","block_context":{"text":"Similar post","link":""},"img":{"alt_text":"single","src":"https:\/\/i0.wp.com\/szivpanzio.hu\/media\/07-83.JPG?resize=350%2C200","width":350,"height":200},"classes":[]},{"id":2,"url":"https:\/\/civis.house\/hu\/","url_meta":{"origin":19,"position":3},"title":"Bemutatkoz\u00e1s","author":"heart","date":"2015 September 12, Saturday","format":false,"excerpt":"A Sz\u00edv Panzi\u00f3 (C\u00edvis House Sz\u00e1ll\u00e1s, mely nev\u00e9t az 1800-as \u00e9vek elej\u00e9t\u0151l megl\u00e9v\u0151 Sz\u00edv utc\u00e1r\u00f3l kapta) Debrecen k\u00f6zponti, csendes \u00f6vezet\u00e9ben tal\u00e1lhat\u00f3, mind\u00f6ssze 300 m\u00e9terre a vas\u00fat\u00e1llom\u00e1st\u00f3l, illetve a t\u00e1vols\u00e1gi busz\u00e1llom\u00e1st\u00f3l. A sz\u00e1ll\u00e1shely exkluz\u00edv szob\u00e1kkal rendelkezik 1 - 3 szem\u00e9ly r\u00e9sz\u00e9re, minden szob\u00e1hoz saj\u00e1t f\u00fcrd\u0151szoba tartozik. 2006-ban \u00e9p\u00fclt \u00e9s 2020-ban fel\u00faj\u00edtott,\u2026","rel":"","context":"Similar post","block_context":{"text":"Similar post","link":""},"img":{"alt_text":"Udvar","src":"https:\/\/i0.wp.com\/szivpanzio.hu\/media\/Court-39.JPG?resize=350%2C200","width":350,"height":200},"classes":[]}],"jetpack_sharing_enabled":true,"_links":{"self":[{"href":"https:\/\/civis.house\/hu\/wp-json\/wp\/v2\/pages\/19","targetHints":{"allow":["GET"]}}],"collection":[{"href":"https:\/\/civis.house\/hu\/wp-json\/wp\/v2\/pages"}],"about":[{"href":"https:\/\/civis.house\/hu\/wp-json\/wp\/v2\/types\/page"}],"author":[{"embeddable":true,"href":"https:\/\/civis.house\/hu\/wp-json\/wp\/v2\/users\/1"}],"replies":[{"embeddable":true,"href":"https:\/\/civis.house\/hu\/wp-json\/wp\/v2\/comments?post=19"}],"version-history":[{"count":13,"href":"https:\/\/civis.house\/hu\/wp-json\/wp\/v2\/pages\/19\/revisions"}],"predecessor-version":[{"id":1163,"href":"https:\/\/civis.house\/hu\/wp-json\/wp\/v2\/pages\/19\/revisions\/1163"}],"wp:attachment":[{"href":"https:\/\/civis.house\/hu\/wp-json\/wp\/v2\/media?parent=19"}],"curies":[{"name":"wp","href":"https:\/\/api.w.org\/{rel}","templated":true}]}}