{"id":2,"date":"2015-09-12T19:05:28","date_gmt":"2015-09-12T18:05:28","guid":{"rendered":"http:\/\/szivpanzio.hu\/?page_id=2"},"modified":"2024-08-07T11:14:08","modified_gmt":"2024-08-07T10:14:08","slug":"introduction","status":"publish","type":"page","link":"https:\/\/civis.house\/hu\/","title":{"rendered":"Bemutatkoz\u00e1s"},"content":{"rendered":"<p style=\"text-align: justify;\"><img data-recalc-dims=\"1\" loading=\"lazy\" decoding=\"async\" style=\"float: left; padding-right: 15px;\" src=\"https:\/\/i0.wp.com\/szivpanzio.hu\/media\/Court-39.JPG?resize=300%2C200\" alt=\"Udvar\" width=\"300\" height=\"200\" \/>A Sz\u00edv Panzi\u00f3 (C\u00edvis House Sz\u00e1ll\u00e1s, mely nev\u00e9t az 1800-as \u00e9vek elej\u00e9t\u0151l megl\u00e9v\u0151 Sz\u00edv utc\u00e1r\u00f3l kapta) Debrecen k\u00f6zponti, csendes \u00f6vezet\u00e9ben tal\u00e1lhat\u00f3, mind\u00f6ssze 300 m\u00e9terre a vas\u00fat\u00e1llom\u00e1st\u00f3l, illetve a t\u00e1vols\u00e1gi busz\u00e1llom\u00e1st\u00f3l. A sz\u00e1ll\u00e1shely exkluz\u00edv szob\u00e1kkal rendelkezik 1 &#8211; 3 szem\u00e9ly r\u00e9sz\u00e9re, minden szob\u00e1hoz saj\u00e1t f\u00fcrd\u0151szoba tartozik. 2006-ban \u00e9p\u00fclt \u00e9s 2020-ban fel\u00faj\u00edtott, bels\u0151 udvaros, k\u00e9tszintes \u00e9p\u00fclet. Ezen fel\u00fcl vend\u00e9geink sz\u00e1m\u00e1ra korl\u00e1tozott sz\u00e1mban parkol\u00f3t k\u00edn\u00e1lunk.<\/p>\n<p><img data-recalc-dims=\"1\" loading=\"lazy\" decoding=\"async\" style=\"float: right; padding-left: 15px;\" src=\"https:\/\/i0.wp.com\/szivpanzio.hu\/media\/Front-85.JPG?resize=300%2C200\" alt=\"Utca\" width=\"300\" height=\"200\" \/><\/p>\n<p style=\"text-align: justify;\">A sz\u00e1ll\u00e1shely minden szob\u00e1j\u00e1hoz tartozik sz\u00ednes LED TV illetve h\u0171t\u0151szekr\u00e9ny. K\u00f6zvetlen a sz\u00e1ll\u00e1shely mellett tal\u00e1lhat\u00f3 egy busz- illetve trolibuszmeg\u00e1ll\u00f3, ahonnan egyszer\u0171en meg lehet k\u00f6zel\u00edteni Aquaticum \u00c9lm\u00e9nyf\u00fcr\u0151t, a Term\u00e1lf\u00fcrd\u0151t, a Debreceni Klinik\u00e1t, a Debreceni Egyetemet, a Nagyerdei Stadiont, a F\u0151nix Rendezv\u00e9nycsarnokot \u00e9s az Ol\u00e1h G\u00e1bor utcai Sportp\u00e1ly\u00e1kat. Mind\u00f6ssze 5 percnyi gyalogl\u00e1sra tal\u00e1lhat\u00f3 Debrecen v\u00e1ros\u00e1nak k\u00f6zpontja, a Kossuth t\u00e9r, valamint a Piac utca, ahol megtekinthet\u0151 v\u00e1rosunk nevezetess\u00e9ge a Reform\u00e1tus Nagytemplom.<\/p>\n<p style=\"text-align: justify;\">Kellemes id\u0151t\u00f6lt\u00e9st \u00e9s j\u00f3 pihen\u00e9st k\u00edv\u00e1nnak a Sz\u00edv Panzi\u00f3 (C\u00edvis House Sz\u00e1ll\u00e1s) dolgoz\u00f3i!<\/p>","protected":false},"excerpt":{"rendered":"<p>A Sz\u00edv Panzi\u00f3 (C\u00edvis House Sz\u00e1ll\u00e1s, mely nev\u00e9t az 1800-as \u00e9vek elej\u00e9t\u0151l megl\u00e9v\u0151 Sz\u00edv utc\u00e1r\u00f3l kapta) Debrecen k\u00f6zponti, csendes \u00f6vezet\u00e9ben tal\u00e1lhat\u00f3, mind\u00f6ssze 300 m\u00e9terre a vas\u00fat\u00e1llom\u00e1st\u00f3l, illetve a t\u00e1vols\u00e1gi busz\u00e1llom\u00e1st\u00f3l. A sz\u00e1ll\u00e1shely exkluz\u00edv szob\u00e1kkal rendelkezik 1 &#8211; 3 szem\u00e9ly r\u00e9sz\u00e9re, minden szob\u00e1hoz saj\u00e1t f\u00fcrd\u0151szoba tartozik. 2006-ban \u00e9p\u00fclt \u00e9s 2020-ban fel\u00faj\u00edtott, bels\u0151 udvaros, k\u00e9tszintes \u00e9p\u00fclet. Ezen [&hellip;]<\/p>\n","protected":false},"author":1,"featured_media":0,"parent":0,"menu_order":1,"comment_status":"closed","ping_status":"closed","template":"","meta":{"jetpack_post_was_ever_published":false,"footnotes":""},"class_list":["post-2","page","type-page","status-publish","hentry"],"jetpack_shortlink":"https:\/\/wp.me\/P7MHaF-2","jetpack-related-posts":[{"id":9,"url":"https:\/\/civis.house\/hu\/services\/","url_meta":{"origin":2,"position":0},"title":"Szolg\u00e1ltat\u00e1saink","author":"heart","date":"2015 December  7, Monday","format":false,"excerpt":"ingyenes internet hozz\u00e1f\u00e9r\u00e9s (wireless) grillez\u00e9si \u00e9s bogr\u00e1csoz\u00e1si lehet\u0151s\u00e9g az udvaron 1-3 \u00e1gyas, p\u00f3t\u00e1gyazhat\u00f3 szob\u00e1k sz\u00ednes LED telev\u00edzi\u00f3 minden szob\u00e1ban kamer\u00e1val megfigyelt parkol\u00f3 nappali recepci\u00f3s szolg\u00e1lat","rel":"","context":"Similar post","block_context":{"text":"Similar post","link":""},"img":{"alt_text":"","src":"https:\/\/i0.wp.com\/szivpanzio.hu\/media\/20211114_111634-Heart-Pension.jpg?resize=350%2C200","width":350,"height":200},"classes":[]},{"id":15,"url":"https:\/\/civis.house\/hu\/rooms\/","url_meta":{"origin":2,"position":1},"title":"Szob\u00e1k","author":"heart","date":"2015 December  7, Monday","format":false,"excerpt":"A szob\u00e1t meg\u00e9rkez\u00e9s\u00fck napj\u00e1n 14 \u00f3r\u00e1t\u00f3l foglalhatj\u00e1k el 20 \u00f3r\u00e1ig (kapuz\u00e1r\u00e1s), elutaz\u00e1s napj\u00e1n pedig 10 \u00f3r\u00e1ig sz\u00edveskedjenek elhagyni. Debrecenben a Vir\u00e1gkarnev\u00e1l \u00e9s Campus Fesztiv\u00e1l minden \u00e9vben egy kiemelt rendezv\u00e9ny. Ebben az id\u0151szakban az \u00e1rak a k\u00f6vetkez\u0151ek: k\u00e9t\u00e1gyas, francia\u00e1gyas szoba: 24 000Ft + IFA h\u00e1rom\u00e1gyas szoba: 32 000Ft + IFA","rel":"","context":"Similar post","block_context":{"text":"Similar post","link":""},"img":{"alt_text":"single","src":"https:\/\/i0.wp.com\/szivpanzio.hu\/media\/07-83.JPG?resize=350%2C200","width":350,"height":200},"classes":[]},{"id":17,"url":"https:\/\/civis.house\/hu\/photos\/","url_meta":{"origin":2,"position":2},"title":"K\u00e9pek","author":"heart","date":"2015 December  7, Monday","format":false,"excerpt":"","rel":"","context":"Similar post","block_context":{"text":"Similar post","link":""},"img":{"alt_text":"","src":"https:\/\/i0.wp.com\/civis.house\/media\/01-01.JPG?resize=350%2C200","width":350,"height":200},"classes":[]},{"id":19,"url":"https:\/\/civis.house\/hu\/contact\/","url_meta":{"origin":2,"position":3},"title":"Kapcsolat","author":"heart","date":"2015 December  7, Monday","format":false,"excerpt":"Szobafoglal\u00e1s Telefon:\u00a0+36 52 322 200, +36 20 4103 049 Fax:\u00a0+36 52 322-200 E-Mail: info@szivpanzio.hu Miel\u0151tt jelezn\u00e9 szobafoglal\u00e1si sz\u00e1nd\u00e9k\u00e1t, k\u00e9rj\u00fck minden esetben vegye fel a kapcsolatot munkat\u00e1rsainkkal a megadott el\u00e9rhet\u0151s\u00e9gek b\u00e1rmelyik\u00e9n. \u00c9szrev\u00e9teleivel, k\u00e9rd\u00e9seivel forduljon bizalommal munkat\u00e1rsainkhoz! Megk\u00f6zel\u00edthet\u0151s\u00e9g","rel":"","context":"Similar post","block_context":{"text":"Similar post","link":""},"img":{"alt_text":"","src":"","width":0,"height":0},"classes":[]}],"jetpack_sharing_enabled":true,"_links":{"self":[{"href":"https:\/\/civis.house\/hu\/wp-json\/wp\/v2\/pages\/2","targetHints":{"allow":["GET"]}}],"collection":[{"href":"https:\/\/civis.house\/hu\/wp-json\/wp\/v2\/pages"}],"about":[{"href":"https:\/\/civis.house\/hu\/wp-json\/wp\/v2\/types\/page"}],"author":[{"embeddable":true,"href":"https:\/\/civis.house\/hu\/wp-json\/wp\/v2\/users\/1"}],"replies":[{"embeddable":true,"href":"https:\/\/civis.house\/hu\/wp-json\/wp\/v2\/comments?post=2"}],"version-history":[{"count":29,"href":"https:\/\/civis.house\/hu\/wp-json\/wp\/v2\/pages\/2\/revisions"}],"predecessor-version":[{"id":22939,"href":"https:\/\/civis.house\/hu\/wp-json\/wp\/v2\/pages\/2\/revisions\/22939"}],"wp:attachment":[{"href":"https:\/\/civis.house\/hu\/wp-json\/wp\/v2\/media?parent=2"}],"curies":[{"name":"wp","href":"https:\/\/api.w.org\/{rel}","templated":true}]}}