{"id":9,"date":"2015-12-07T20:04:52","date_gmt":"2015-12-07T20:04:52","guid":{"rendered":"http:\/\/szivpanzio.hu\/?page_id=9"},"modified":"2024-08-07T10:59:17","modified_gmt":"2024-08-07T09:59:17","slug":"services","status":"publish","type":"page","link":"https:\/\/civis.house\/hu\/services\/","title":{"rendered":"Szolg\u00e1ltat\u00e1saink"},"content":{"rendered":"<img data-recalc-dims=\"1\" loading=\"lazy\" decoding=\"async\" style=\"float: right; padding-left: 15px;\" src=\"https:\/\/i0.wp.com\/szivpanzio.hu\/media\/20211114_111634-Heart-Pension.jpg?resize=300%2C200\" alt=\"\" width=\"300\" height=\"200\" \/><\/p>\n<ul>\n<li style=\"list-style-type: none;\">\n<ul>\n<li style=\"text-align: justify; font-size: medium;\"><b>ingyenes internet hozz\u00e1f\u00e9r\u00e9s (wireless)<\/b><\/li>\n<li style=\"text-align: justify; font-size: medium;\">grillez\u00e9si \u00e9s bogr\u00e1csoz\u00e1si lehet\u0151s\u00e9g az udvaron<\/li>\n<li style=\"text-align: justify; font-size: medium;\">1-3 \u00e1gyas, p\u00f3t\u00e1gyazhat\u00f3 szob\u00e1k<\/li>\n<li style=\"text-align: justify; font-size: medium;\">sz\u00ednes LED telev\u00edzi\u00f3 minden szob\u00e1ban<\/li>\n<li style=\"text-align: justify; font-size: medium;\">kamer\u00e1val megfigyelt parkol\u00f3<\/li>\n<li style=\"text-align: justify; font-size: medium;\">nappali recepci\u00f3s szolg\u00e1lat<\/li>\n<\/ul>\n<\/li>\n<\/ul>\n<p><!--\n \t\n\n<li style=\"text-align: justify; font-size: medium;\">ingyenes\u00a0ker\u00e9kp\u00e1rk\u00f6lcs\u00f6nz\u00e9s legal\u00e1bb h\u00e1rom \u00e9jszaka foglal\u00e1sa eset\u00e9n<\/li>\n\n\n-->","protected":false},"excerpt":{"rendered":"<p>ingyenes internet hozz\u00e1f\u00e9r\u00e9s (wireless) grillez\u00e9si \u00e9s bogr\u00e1csoz\u00e1si lehet\u0151s\u00e9g az udvaron 1-3 \u00e1gyas, p\u00f3t\u00e1gyazhat\u00f3 szob\u00e1k sz\u00ednes LED telev\u00edzi\u00f3 minden szob\u00e1ban kamer\u00e1val megfigyelt parkol\u00f3 nappali recepci\u00f3s szolg\u00e1lat<\/p>\n","protected":false},"author":1,"featured_media":0,"parent":0,"menu_order":2,"comment_status":"closed","ping_status":"closed","template":"","meta":{"jetpack_post_was_ever_published":false,"footnotes":""},"class_list":["post-9","page","type-page","status-publish","hentry"],"jetpack_shortlink":"https:\/\/wp.me\/P7MHaF-9","jetpack-related-posts":[{"id":15,"url":"https:\/\/civis.house\/hu\/rooms\/","url_meta":{"origin":9,"position":0},"title":"Szob\u00e1k","author":"heart","date":"2015 December  7, Monday","format":false,"excerpt":"A szob\u00e1t meg\u00e9rkez\u00e9s\u00fck napj\u00e1n 14 \u00f3r\u00e1t\u00f3l foglalhatj\u00e1k el 20 \u00f3r\u00e1ig (kapuz\u00e1r\u00e1s), elutaz\u00e1s napj\u00e1n pedig 10 \u00f3r\u00e1ig sz\u00edveskedjenek elhagyni. Debrecenben a Vir\u00e1gkarnev\u00e1l \u00e9s Campus Fesztiv\u00e1l minden \u00e9vben egy kiemelt rendezv\u00e9ny. Ebben az id\u0151szakban az \u00e1rak a k\u00f6vetkez\u0151ek: k\u00e9t\u00e1gyas, francia\u00e1gyas szoba: 24 000Ft + IFA h\u00e1rom\u00e1gyas szoba: 32 000Ft + IFA","rel":"","context":"Similar post","block_context":{"text":"Similar post","link":""},"img":{"alt_text":"single","src":"https:\/\/i0.wp.com\/szivpanzio.hu\/media\/07-83.JPG?resize=350%2C200","width":350,"height":200},"classes":[]},{"id":2,"url":"https:\/\/civis.house\/hu\/","url_meta":{"origin":9,"position":1},"title":"Bemutatkoz\u00e1s","author":"heart","date":"2015 September 12, Saturday","format":false,"excerpt":"A Sz\u00edv Panzi\u00f3 (C\u00edvis House Sz\u00e1ll\u00e1s, mely nev\u00e9t az 1800-as \u00e9vek elej\u00e9t\u0151l megl\u00e9v\u0151 Sz\u00edv utc\u00e1r\u00f3l kapta) Debrecen k\u00f6zponti, csendes \u00f6vezet\u00e9ben tal\u00e1lhat\u00f3, mind\u00f6ssze 300 m\u00e9terre a vas\u00fat\u00e1llom\u00e1st\u00f3l, illetve a t\u00e1vols\u00e1gi busz\u00e1llom\u00e1st\u00f3l. A sz\u00e1ll\u00e1shely exkluz\u00edv szob\u00e1kkal rendelkezik 1 - 3 szem\u00e9ly r\u00e9sz\u00e9re, minden szob\u00e1hoz saj\u00e1t f\u00fcrd\u0151szoba tartozik. 2006-ban \u00e9p\u00fclt \u00e9s 2020-ban fel\u00faj\u00edtott,\u2026","rel":"","context":"Similar post","block_context":{"text":"Similar post","link":""},"img":{"alt_text":"Udvar","src":"https:\/\/i0.wp.com\/szivpanzio.hu\/media\/Court-39.JPG?resize=350%2C200","width":350,"height":200},"classes":[]},{"id":17,"url":"https:\/\/civis.house\/hu\/photos\/","url_meta":{"origin":9,"position":2},"title":"K\u00e9pek","author":"heart","date":"2015 December  7, Monday","format":false,"excerpt":"","rel":"","context":"Similar post","block_context":{"text":"Similar post","link":""},"img":{"alt_text":"","src":"https:\/\/i0.wp.com\/civis.house\/media\/01-01.JPG?resize=350%2C200","width":350,"height":200},"classes":[]},{"id":19,"url":"https:\/\/civis.house\/hu\/contact\/","url_meta":{"origin":9,"position":3},"title":"Kapcsolat","author":"heart","date":"2015 December  7, Monday","format":false,"excerpt":"Szobafoglal\u00e1s Telefon:\u00a0+36 52 322 200, +36 20 4103 049 Fax:\u00a0+36 52 322-200 E-Mail: info@szivpanzio.hu Miel\u0151tt jelezn\u00e9 szobafoglal\u00e1si sz\u00e1nd\u00e9k\u00e1t, k\u00e9rj\u00fck minden esetben vegye fel a kapcsolatot munkat\u00e1rsainkkal a megadott el\u00e9rhet\u0151s\u00e9gek b\u00e1rmelyik\u00e9n. \u00c9szrev\u00e9teleivel, k\u00e9rd\u00e9seivel forduljon bizalommal munkat\u00e1rsainkhoz! Megk\u00f6zel\u00edthet\u0151s\u00e9g","rel":"","context":"Similar post","block_context":{"text":"Similar post","link":""},"img":{"alt_text":"","src":"","width":0,"height":0},"classes":[]}],"jetpack_sharing_enabled":true,"_links":{"self":[{"href":"https:\/\/civis.house\/hu\/wp-json\/wp\/v2\/pages\/9","targetHints":{"allow":["GET"]}}],"collection":[{"href":"https:\/\/civis.house\/hu\/wp-json\/wp\/v2\/pages"}],"about":[{"href":"https:\/\/civis.house\/hu\/wp-json\/wp\/v2\/types\/page"}],"author":[{"embeddable":true,"href":"https:\/\/civis.house\/hu\/wp-json\/wp\/v2\/users\/1"}],"replies":[{"embeddable":true,"href":"https:\/\/civis.house\/hu\/wp-json\/wp\/v2\/comments?post=9"}],"version-history":[{"count":20,"href":"https:\/\/civis.house\/hu\/wp-json\/wp\/v2\/pages\/9\/revisions"}],"predecessor-version":[{"id":22938,"href":"https:\/\/civis.house\/hu\/wp-json\/wp\/v2\/pages\/9\/revisions\/22938"}],"wp:attachment":[{"href":"https:\/\/civis.house\/hu\/wp-json\/wp\/v2\/media?parent=9"}],"curies":[{"name":"wp","href":"https:\/\/api.w.org\/{rel}","templated":true}]}}